{"id":1071,"date":"2023-10-04T12:43:42","date_gmt":"2023-10-04T10:43:42","guid":{"rendered":"https:\/\/olioantichemacine.com\/business\/"},"modified":"2026-05-14T10:10:04","modified_gmt":"2026-05-14T08:10:04","slug":"business","status":"publish","type":"page","link":"https:\/\/olioantichemacine.com\/es\/business\/","title":{"rendered":"Negocios"},"content":{"rendered":"\n<div class=\"wp-block-columns alignwide is-layout-flex wp-container-core-columns-is-layout-b0bab6eb wp-block-columns-is-layout-flex\" style=\"margin-top:var(--wp--preset--spacing--40);margin-bottom:var(--wp--preset--spacing--40)\">\n<div class=\"wp-block-column is-layout-flow wp-block-column-is-layout-flow\">\n<figure class=\"wp-block-image size-full\"><img loading=\"lazy\" decoding=\"async\" width=\"600\" height=\"400\" src=\"https:\/\/olioantichemacine.com\/wp-content\/uploads\/2023\/10\/Slider-antiche-macine.webp\" alt=\"\" class=\"wp-image-198\" srcset=\"https:\/\/olioantichemacine.com\/wp-content\/uploads\/2023\/10\/Slider-antiche-macine.webp 600w, https:\/\/olioantichemacine.com\/wp-content\/uploads\/2023\/10\/Slider-antiche-macine-300x200.webp 300w\" sizes=\"auto, (max-width: 600px) 100vw, 600px\" \/><\/figure>\n<\/div>\n\n\n\n<div class=\"wp-block-column is-layout-flow wp-block-column-is-layout-flow\">\n<h3 class=\"wp-block-heading has-text-align-left\">100 % EXTRAVIRGEN ITALIANO<\/h3>\n\n\n\n<p><em>Para tu negocio, elige la excelencia, elige la calidad de nuestro aceite de oliva virgen extra<\/em><\/p>\n\n\n\n<p><strong>Antiche Macine<\/strong> te ofrece una <strong>selecci\u00f3n de aceites<\/strong> cuidadosamente elegidos para realzar el sabor y la calidad de la oferta gastron\u00f3mica de tu local, restaurante o negocio.<\/p>\n\n\n\n<p>Nuestro aceite de oliva virgen extra se elabora \u00fanicamente con las mejores aceitunas de nuestra tierra, cuidadosamente seleccionadas y procesadas mediante prensado en fr\u00edo con la antigua muela de piedra<\/p>\n<\/div>\n<\/div>\n\n\n\n<div class=\"wp-block-columns alignwide is-layout-flex wp-container-core-columns-is-layout-b0bab6eb wp-block-columns-is-layout-flex\" style=\"margin-top:var(--wp--preset--spacing--40);margin-bottom:var(--wp--preset--spacing--40)\">\n<div class=\"wp-block-column is-layout-flow wp-block-column-is-layout-flow\">\n<h3 class=\"wp-block-heading has-text-align-left\">\u00bfERES PROPIETARIO DE UN RESTAURANTE<br>O TIENES UNA TIENDA?<\/h3>\n\n\n\n<p><em>\u00a1Ofrece solo lo mejor a tus clientes!<\/em><\/p>\n\n\n\n<p>Para tu restaurante, pizzer\u00eda o tienda, elige solo lo mejor de <strong>las delicias gastron\u00f3micas de la regi\u00f3n<\/strong>. Nuestro <strong>aceite de oliva virgen extra<\/strong> aporta un toque especial a todas tus recetas, desde las m\u00e1s sencillas hasta las m\u00e1s elaboradas; disponible para la cocina en pr\u00e1cticos envases de 3 y 5 litros. Tambi\u00e9n ofrecemos una l\u00ednea de aderezos aromatizados con lim\u00f3n y guindilla a base de aceite de oliva virgen extra, envasados en elegantes botellas con tap\u00f3n de seguridad para acompa\u00f1ar diferentes platos.<\/p>\n<\/div>\n\n\n\n<div class=\"wp-block-column is-layout-flow wp-block-column-is-layout-flow\">\n<figure class=\"wp-block-image size-full\"><img loading=\"lazy\" decoding=\"async\" width=\"600\" height=\"400\" src=\"https:\/\/olioantichemacine.com\/wp-content\/uploads\/2023\/10\/Slider-antiche-macine-business.webp\" alt=\"\" class=\"wp-image-199\" srcset=\"https:\/\/olioantichemacine.com\/wp-content\/uploads\/2023\/10\/Slider-antiche-macine-business.webp 600w, https:\/\/olioantichemacine.com\/wp-content\/uploads\/2023\/10\/Slider-antiche-macine-business-300x200.webp 300w\" sizes=\"auto, (max-width: 600px) 100vw, 600px\" \/><\/figure>\n<\/div>\n<\/div>\n\n\n\n<div class=\"wp-block-cover alignfull is-light has-parallax\" style=\"min-height:190px;aspect-ratio:unset;\"><div class=\"wp-block-cover__image-background wp-image-197 has-parallax\" style=\"background-position:50% 50%;background-image:url(https:\/\/olioantichemacine.com\/wp-content\/uploads\/2023\/10\/Parallax.webp)\"><\/div><span aria-hidden=\"true\" class=\"wp-block-cover__background has-background-dim-20 has-background-dim\"><\/span><div class=\"wp-block-cover__inner-container has-global-padding is-layout-constrained wp-block-cover-is-layout-constrained\">\n<p class=\"has-text-align-center has-large-font-size\"><\/p>\n<\/div><\/div>\n\n\n\n<div style=\"height:20px\" aria-hidden=\"true\" class=\"wp-block-spacer\"><\/div>\n\n\n\n<div class=\"wp-block-columns is-layout-flex wp-container-core-columns-is-layout-28f84493 wp-block-columns-is-layout-flex\">\n<div class=\"wp-block-column is-layout-flow wp-block-column-is-layout-flow\">\n<h3 class=\"wp-block-heading has-text-align-left\">\u00bfERES UN DISTRIBUIDOR DE CALIDAD? \u00a1ENTONCES ESCR\u00cdBENOS!<\/h3>\n\n\n\n<p class=\"has-text-align-left\"><em>Para ofrecer solo lo mejor a tus clientes, elige Antiche Macine y comprueba por ti mismo la calidad de nuestro aceite de oliva virgen extra.<\/em><\/p>\n\n\n\n<p class=\"has-text-align-left\"><em>\u00a1Cu\u00e9ntanos un poco sobre ti y solicita el cat\u00e1logo para proveedores para descubrir la oferta que mejor se adapta a tu negocio! Nos pondremos en contacto contigo lo antes posible.<\/em><\/p>\n\n\n\n<div style=\"height:15px\" aria-hidden=\"true\" class=\"wp-block-spacer\"><\/div>\n\n\n\n<h4 class=\"wp-block-heading\" style=\"margin-top:0;margin-bottom:0;padding-top:0;padding-bottom:0;font-size:clamp(14px, 0.875rem + ((1vw - 3.2px) * 0.408), 18px);\">Direcci\u00f3n<\/h4>\n\n\n\n<p style=\"margin-top:10px;margin-bottom:10px;padding-top:0;padding-bottom:0\">Via San Sebastiano 2<br>82010 Moiano, Benevento<\/p>\n\n\n\n<div style=\"height:15px\" aria-hidden=\"true\" class=\"wp-block-spacer\"><\/div>\n\n\n\n<h4 class=\"wp-block-heading\" style=\"margin-top:0;margin-bottom:0;padding-top:0;padding-bottom:0;font-size:clamp(14px, 0.875rem + ((1vw - 3.2px) * 0.408), 18px);\">Correo electr\u00f3nico<\/h4>\n\n\n\n<p style=\"margin-top:10px;margin-bottom:10px;padding-top:0;padding-bottom:0\"><a href=\"mailto:info@olioantichemacine.com\">info@olioantichemacine.com<\/a><\/p>\n\n\n\n<div style=\"height:15px\" aria-hidden=\"true\" class=\"wp-block-spacer\"><\/div>\n\n\n\n<h4 class=\"wp-block-heading\" style=\"margin-top:0;margin-bottom:0;padding-top:0;padding-bottom:0;font-size:clamp(14px, 0.875rem + ((1vw - 3.2px) * 0.408), 18px);\">Tel\u00e9fono<\/h4>\n\n\n\n<p style=\"margin-top:10px;margin-bottom:10px;padding-top:0;padding-bottom:0\"><a href=\"http:\/\/+390823713102\">+390823713102<\/a><\/p>\n\n\n\n<div style=\"height:15px\" aria-hidden=\"true\" class=\"wp-block-spacer\"><\/div>\n\n\n\n<h4 class=\"wp-block-heading\" style=\"margin-top:0;margin-bottom:0;padding-top:0;padding-bottom:0;font-size:clamp(14px, 0.875rem + ((1vw - 3.2px) * 0.408), 18px);\">WhatsApp<\/h4>\n\n\n\n<p style=\"margin-top:10px;margin-bottom:10px;padding-top:0;padding-bottom:0\"><a href=\"https:\/\/api.whatsapp.com\/send?phone=393209087427\" target=\"_blank\" rel=\"noreferrer noopener\">Invia un messaggio<\/a><\/p>\n\n\n\n<div style=\"height:15px\" aria-hidden=\"true\" class=\"wp-block-spacer\"><\/div>\n\n\n\n<h4 class=\"wp-block-heading\" style=\"margin-top:0;margin-bottom:0;padding-top:0;padding-bottom:0;font-size:clamp(14px, 0.875rem + ((1vw - 3.2px) * 0.408), 18px);\">Redes sociales<\/h4>\n\n\n\n<ul class=\"wp-block-social-links has-icon-color is-style-logos-only is-layout-flex wp-block-social-links-is-layout-flex\"><li style=\"color:#9c9c9b;\" class=\"wp-social-link wp-social-link-facebook has-secondary-color wp-block-social-link\"><a href=\"https:\/\/www.facebook.com\/Frantoio-Le-Antiche-Macine-724043011013121\/\" class=\"wp-block-social-link-anchor\"><svg width=\"24\" height=\"24\" viewBox=\"0 0 24 24\" version=\"1.1\" xmlns=\"http:\/\/www.w3.org\/2000\/svg\" aria-hidden=\"true\" focusable=\"false\"><path d=\"M12 2C6.5 2 2 6.5 2 12c0 5 3.7 9.1 8.4 9.9v-7H7.9V12h2.5V9.8c0-2.5 1.5-3.9 3.8-3.9 1.1 0 2.2.2 2.2.2v2.5h-1.3c-1.2 0-1.6.8-1.6 1.6V12h2.8l-.4 2.9h-2.3v7C18.3 21.1 22 17 22 12c0-5.5-4.5-10-10-10z\"><\/path><\/svg><span class=\"wp-block-social-link-label screen-reader-text\">Facebook<\/span><\/a><\/li>\n\n<li style=\"color:#9c9c9b;\" class=\"wp-social-link wp-social-link-instagram has-secondary-color wp-block-social-link\"><a href=\"https:\/\/www.instagram.com\/olioantichemacine\/\" class=\"wp-block-social-link-anchor\"><svg width=\"24\" height=\"24\" viewBox=\"0 0 24 24\" version=\"1.1\" xmlns=\"http:\/\/www.w3.org\/2000\/svg\" aria-hidden=\"true\" focusable=\"false\"><path d=\"M12,4.622c2.403,0,2.688,0.009,3.637,0.052c0.877,0.04,1.354,0.187,1.671,0.31c0.42,0.163,0.72,0.358,1.035,0.673 c0.315,0.315,0.51,0.615,0.673,1.035c0.123,0.317,0.27,0.794,0.31,1.671c0.043,0.949,0.052,1.234,0.052,3.637 s-0.009,2.688-0.052,3.637c-0.04,0.877-0.187,1.354-0.31,1.671c-0.163,0.42-0.358,0.72-0.673,1.035 c-0.315,0.315-0.615,0.51-1.035,0.673c-0.317,0.123-0.794,0.27-1.671,0.31c-0.949,0.043-1.233,0.052-3.637,0.052 s-2.688-0.009-3.637-0.052c-0.877-0.04-1.354-0.187-1.671-0.31c-0.42-0.163-0.72-0.358-1.035-0.673 c-0.315-0.315-0.51-0.615-0.673-1.035c-0.123-0.317-0.27-0.794-0.31-1.671C4.631,14.688,4.622,14.403,4.622,12 s0.009-2.688,0.052-3.637c0.04-0.877,0.187-1.354,0.31-1.671c0.163-0.42,0.358-0.72,0.673-1.035 c0.315-0.315,0.615-0.51,1.035-0.673c0.317-0.123,0.794-0.27,1.671-0.31C9.312,4.631,9.597,4.622,12,4.622 M12,3 C9.556,3,9.249,3.01,8.289,3.054C7.331,3.098,6.677,3.25,6.105,3.472C5.513,3.702,5.011,4.01,4.511,4.511 c-0.5,0.5-0.808,1.002-1.038,1.594C3.25,6.677,3.098,7.331,3.054,8.289C3.01,9.249,3,9.556,3,12c0,2.444,0.01,2.751,0.054,3.711 c0.044,0.958,0.196,1.612,0.418,2.185c0.23,0.592,0.538,1.094,1.038,1.594c0.5,0.5,1.002,0.808,1.594,1.038 c0.572,0.222,1.227,0.375,2.185,0.418C9.249,20.99,9.556,21,12,21s2.751-0.01,3.711-0.054c0.958-0.044,1.612-0.196,2.185-0.418 c0.592-0.23,1.094-0.538,1.594-1.038c0.5-0.5,0.808-1.002,1.038-1.594c0.222-0.572,0.375-1.227,0.418-2.185 C20.99,14.751,21,14.444,21,12s-0.01-2.751-0.054-3.711c-0.044-0.958-0.196-1.612-0.418-2.185c-0.23-0.592-0.538-1.094-1.038-1.594 c-0.5-0.5-1.002-0.808-1.594-1.038c-0.572-0.222-1.227-0.375-2.185-0.418C14.751,3.01,14.444,3,12,3L12,3z M12,7.378 c-2.552,0-4.622,2.069-4.622,4.622S9.448,16.622,12,16.622s4.622-2.069,4.622-4.622S14.552,7.378,12,7.378z M12,15 c-1.657,0-3-1.343-3-3s1.343-3,3-3s3,1.343,3,3S13.657,15,12,15z M16.804,6.116c-0.596,0-1.08,0.484-1.08,1.08 s0.484,1.08,1.08,1.08c0.596,0,1.08-0.484,1.08-1.08S17.401,6.116,16.804,6.116z\"><\/path><\/svg><span class=\"wp-block-social-link-label screen-reader-text\">Instagram<\/span><\/a><\/li><\/ul>\n<\/div>\n\n\n\n<div class=\"wp-block-column is-layout-flow wp-block-column-is-layout-flow\" style=\"padding-right:0;padding-left:0\">\n<div class=\"wp-block-contact-form-7-contact-form-selector\"><p class=\"wpcf7-contact-form-not-found\"><strong>Error:<\/strong> Formulario de contacto no encontrado.<\/p><\/div>\n<\/div>\n<\/div>\n","protected":false},"excerpt":{"rendered":"<p>100 % EXTRAVIRGEN ITALIANO Para tu negocio, elige la excelencia, elige la calidad de nuestro aceite de oliva virgen extra Antiche Macine te ofrece una selecci\u00f3n de aceites cuidadosamente elegidos para realzar el sabor y la calidad de la oferta gastron\u00f3mica de tu local, restaurante o negocio. Nuestro aceite de oliva virgen extra se elabora [&hellip;]<\/p>\n","protected":false},"author":1,"featured_media":0,"parent":0,"menu_order":0,"comment_status":"closed","ping_status":"closed","template":"","meta":{"_uag_custom_page_level_css":"","_joinchat":[],"footnotes":""},"class_list":["post-1071","page","type-page","status-publish","hentry"],"yoast_head":"<!-- This site is optimized with the Yoast SEO plugin v27.6 - https:\/\/yoast.com\/product\/yoast-seo-wordpress\/ -->\n<title>Negocios - Frantoio Antiche Macine<\/title>\n<meta name=\"description\" content=\"100 % EXTRAVIRGEN ITALIANO Para tu negocio, elige la excelencia, elige la calidad de nuestro aceite de oliva virgen extra Antiche Macine te ofrece una\" \/>\n<meta name=\"robots\" content=\"index, follow, max-snippet:-1, max-image-preview:large, max-video-preview:-1\" \/>\n<link rel=\"canonical\" href=\"https:\/\/olioantichemacine.com\/es\/business\/\" \/>\n<meta property=\"og:locale\" content=\"es_ES\" \/>\n<meta property=\"og:type\" content=\"article\" \/>\n<meta property=\"og:title\" content=\"Negocios - Frantoio Antiche Macine\" \/>\n<meta property=\"og:description\" content=\"100 % EXTRAVIRGEN ITALIANO Para tu negocio, elige la excelencia, elige la calidad de nuestro aceite de oliva virgen extra Antiche Macine te ofrece una\" \/>\n<meta property=\"og:url\" content=\"https:\/\/olioantichemacine.com\/es\/business\/\" \/>\n<meta property=\"og:site_name\" content=\"Frantoio Antiche Macine\" \/>\n<meta property=\"article:publisher\" content=\"https:\/\/www.facebook.com\/Frantoio-Le-Antiche-Macine-724043011013121\/\" \/>\n<meta property=\"article:modified_time\" content=\"2026-05-14T08:10:04+00:00\" \/>\n<meta property=\"og:image\" content=\"https:\/\/olioantichemacine.com\/wp-content\/uploads\/2023\/10\/Slider-antiche-macine.webp\" \/>\n\t<meta property=\"og:image:width\" content=\"600\" \/>\n\t<meta property=\"og:image:height\" content=\"400\" \/>\n\t<meta property=\"og:image:type\" content=\"image\/webp\" \/>\n<meta name=\"twitter:card\" content=\"summary_large_image\" \/>\n<meta name=\"twitter:label1\" content=\"Tiempo de lectura\" \/>\n\t<meta name=\"twitter:data1\" content=\"2 minutos\" \/>\n<script type=\"application\/ld+json\" class=\"yoast-schema-graph\">{\"@context\":\"https:\\\/\\\/schema.org\",\"@graph\":[{\"@type\":\"WebPage\",\"@id\":\"https:\\\/\\\/olioantichemacine.com\\\/es\\\/business\\\/\",\"url\":\"https:\\\/\\\/olioantichemacine.com\\\/es\\\/business\\\/\",\"name\":\"Negocios - Frantoio Antiche Macine\",\"isPartOf\":{\"@id\":\"https:\\\/\\\/olioantichemacine.com\\\/es\\\/#website\"},\"primaryImageOfPage\":{\"@id\":\"https:\\\/\\\/olioantichemacine.com\\\/es\\\/business\\\/#primaryimage\"},\"image\":{\"@id\":\"https:\\\/\\\/olioantichemacine.com\\\/es\\\/business\\\/#primaryimage\"},\"thumbnailUrl\":\"https:\\\/\\\/olioantichemacine.com\\\/wp-content\\\/uploads\\\/2023\\\/10\\\/Slider-antiche-macine.webp\",\"datePublished\":\"2023-10-04T10:43:42+00:00\",\"dateModified\":\"2026-05-14T08:10:04+00:00\",\"description\":\"100 % EXTRAVIRGEN ITALIANO Para tu negocio, elige la excelencia, elige la calidad de nuestro aceite de oliva virgen extra Antiche Macine te ofrece una\",\"inLanguage\":\"es\",\"potentialAction\":[{\"@type\":\"ReadAction\",\"target\":[\"https:\\\/\\\/olioantichemacine.com\\\/es\\\/business\\\/\"]}]},{\"@type\":\"ImageObject\",\"inLanguage\":\"es\",\"@id\":\"https:\\\/\\\/olioantichemacine.com\\\/es\\\/business\\\/#primaryimage\",\"url\":\"https:\\\/\\\/olioantichemacine.com\\\/wp-content\\\/uploads\\\/2023\\\/10\\\/Slider-antiche-macine.webp\",\"contentUrl\":\"https:\\\/\\\/olioantichemacine.com\\\/wp-content\\\/uploads\\\/2023\\\/10\\\/Slider-antiche-macine.webp\"},{\"@type\":\"WebSite\",\"@id\":\"https:\\\/\\\/olioantichemacine.com\\\/es\\\/#website\",\"url\":\"https:\\\/\\\/olioantichemacine.com\\\/es\\\/\",\"name\":\"Frantoio Antiche Macine\",\"description\":\"Olio extravergine di oliva\",\"publisher\":{\"@id\":\"https:\\\/\\\/olioantichemacine.com\\\/es\\\/#organization\"},\"potentialAction\":[{\"@type\":\"SearchAction\",\"target\":{\"@type\":\"EntryPoint\",\"urlTemplate\":\"https:\\\/\\\/olioantichemacine.com\\\/es\\\/?s={search_term_string}\"},\"query-input\":{\"@type\":\"PropertyValueSpecification\",\"valueRequired\":true,\"valueName\":\"search_term_string\"}}],\"inLanguage\":\"es\"},{\"@type\":\"Organization\",\"@id\":\"https:\\\/\\\/olioantichemacine.com\\\/es\\\/#organization\",\"name\":\"Frantoio Antiche Macine\",\"url\":\"https:\\\/\\\/olioantichemacine.com\\\/es\\\/\",\"logo\":{\"@type\":\"ImageObject\",\"inLanguage\":\"es\",\"@id\":\"https:\\\/\\\/olioantichemacine.com\\\/es\\\/#\\\/schema\\\/logo\\\/image\\\/\",\"url\":\"https:\\\/\\\/olioantichemacine.com\\\/wp-content\\\/uploads\\\/2023\\\/09\\\/Antiche-Macine-Logo-1.webp\",\"contentUrl\":\"https:\\\/\\\/olioantichemacine.com\\\/wp-content\\\/uploads\\\/2023\\\/09\\\/Antiche-Macine-Logo-1.webp\",\"width\":500,\"height\":142,\"caption\":\"Frantoio Antiche Macine\"},\"image\":{\"@id\":\"https:\\\/\\\/olioantichemacine.com\\\/es\\\/#\\\/schema\\\/logo\\\/image\\\/\"},\"sameAs\":[\"https:\\\/\\\/www.facebook.com\\\/Frantoio-Le-Antiche-Macine-724043011013121\\\/\",\"https:\\\/\\\/www.instagram.com\\\/olioantichemacine\\\/\"]}]}<\/script>\n<!-- \/ Yoast SEO plugin. -->","yoast_head_json":{"title":"Negocios - Frantoio Antiche Macine","description":"100 % EXTRAVIRGEN ITALIANO Para tu negocio, elige la excelencia, elige la calidad de nuestro aceite de oliva virgen extra Antiche Macine te ofrece una","robots":{"index":"index","follow":"follow","max-snippet":"max-snippet:-1","max-image-preview":"max-image-preview:large","max-video-preview":"max-video-preview:-1"},"canonical":"https:\/\/olioantichemacine.com\/es\/business\/","og_locale":"es_ES","og_type":"article","og_title":"Negocios - Frantoio Antiche Macine","og_description":"100 % EXTRAVIRGEN ITALIANO Para tu negocio, elige la excelencia, elige la calidad de nuestro aceite de oliva virgen extra Antiche Macine te ofrece una","og_url":"https:\/\/olioantichemacine.com\/es\/business\/","og_site_name":"Frantoio Antiche Macine","article_publisher":"https:\/\/www.facebook.com\/Frantoio-Le-Antiche-Macine-724043011013121\/","article_modified_time":"2026-05-14T08:10:04+00:00","og_image":[{"width":600,"height":400,"url":"https:\/\/olioantichemacine.com\/wp-content\/uploads\/2023\/10\/Slider-antiche-macine.webp","type":"image\/webp"}],"twitter_card":"summary_large_image","twitter_misc":{"Tiempo de lectura":"2 minutos"},"schema":{"@context":"https:\/\/schema.org","@graph":[{"@type":"WebPage","@id":"https:\/\/olioantichemacine.com\/es\/business\/","url":"https:\/\/olioantichemacine.com\/es\/business\/","name":"Negocios - Frantoio Antiche Macine","isPartOf":{"@id":"https:\/\/olioantichemacine.com\/es\/#website"},"primaryImageOfPage":{"@id":"https:\/\/olioantichemacine.com\/es\/business\/#primaryimage"},"image":{"@id":"https:\/\/olioantichemacine.com\/es\/business\/#primaryimage"},"thumbnailUrl":"https:\/\/olioantichemacine.com\/wp-content\/uploads\/2023\/10\/Slider-antiche-macine.webp","datePublished":"2023-10-04T10:43:42+00:00","dateModified":"2026-05-14T08:10:04+00:00","description":"100 % EXTRAVIRGEN ITALIANO Para tu negocio, elige la excelencia, elige la calidad de nuestro aceite de oliva virgen extra Antiche Macine te ofrece una","inLanguage":"es","potentialAction":[{"@type":"ReadAction","target":["https:\/\/olioantichemacine.com\/es\/business\/"]}]},{"@type":"ImageObject","inLanguage":"es","@id":"https:\/\/olioantichemacine.com\/es\/business\/#primaryimage","url":"https:\/\/olioantichemacine.com\/wp-content\/uploads\/2023\/10\/Slider-antiche-macine.webp","contentUrl":"https:\/\/olioantichemacine.com\/wp-content\/uploads\/2023\/10\/Slider-antiche-macine.webp"},{"@type":"WebSite","@id":"https:\/\/olioantichemacine.com\/es\/#website","url":"https:\/\/olioantichemacine.com\/es\/","name":"Frantoio Antiche Macine","description":"Olio extravergine di oliva","publisher":{"@id":"https:\/\/olioantichemacine.com\/es\/#organization"},"potentialAction":[{"@type":"SearchAction","target":{"@type":"EntryPoint","urlTemplate":"https:\/\/olioantichemacine.com\/es\/?s={search_term_string}"},"query-input":{"@type":"PropertyValueSpecification","valueRequired":true,"valueName":"search_term_string"}}],"inLanguage":"es"},{"@type":"Organization","@id":"https:\/\/olioantichemacine.com\/es\/#organization","name":"Frantoio Antiche Macine","url":"https:\/\/olioantichemacine.com\/es\/","logo":{"@type":"ImageObject","inLanguage":"es","@id":"https:\/\/olioantichemacine.com\/es\/#\/schema\/logo\/image\/","url":"https:\/\/olioantichemacine.com\/wp-content\/uploads\/2023\/09\/Antiche-Macine-Logo-1.webp","contentUrl":"https:\/\/olioantichemacine.com\/wp-content\/uploads\/2023\/09\/Antiche-Macine-Logo-1.webp","width":500,"height":142,"caption":"Frantoio Antiche Macine"},"image":{"@id":"https:\/\/olioantichemacine.com\/es\/#\/schema\/logo\/image\/"},"sameAs":["https:\/\/www.facebook.com\/Frantoio-Le-Antiche-Macine-724043011013121\/","https:\/\/www.instagram.com\/olioantichemacine\/"]}]}},"uagb_featured_image_src":{"full":false,"thumbnail":false,"medium":false,"medium_large":false,"large":false,"gs-tiny":false,"xl":false,"xxl":false,"xxxl":false,"xxxxl":false,"xxxxxl":false,"1536x1536":false,"2048x2048":false,"woocommerce_thumbnail":false,"woocommerce_single":false,"woocommerce_gallery_thumbnail":false,"variation_swatches_image_size":false,"variation_swatches_tooltip_size":false},"uagb_author_info":{"display_name":"admin","author_link":"https:\/\/olioantichemacine.com\/es\/author\/watermellon16_kinogs8i\/"},"uagb_comment_info":0,"uagb_excerpt":"100 % EXTRAVIRGEN ITALIANO Para tu negocio, elige la excelencia, elige la calidad de nuestro aceite de oliva virgen extra Antiche Macine te ofrece una selecci\u00f3n de aceites cuidadosamente elegidos para realzar el sabor y la calidad de la oferta gastron\u00f3mica de tu local, restaurante o negocio. Nuestro aceite de oliva virgen extra se elabora&hellip;","jetpack_sharing_enabled":true,"_links":{"self":[{"href":"https:\/\/olioantichemacine.com\/es\/wp-json\/wp\/v2\/pages\/1071","targetHints":{"allow":["GET"]}}],"collection":[{"href":"https:\/\/olioantichemacine.com\/es\/wp-json\/wp\/v2\/pages"}],"about":[{"href":"https:\/\/olioantichemacine.com\/es\/wp-json\/wp\/v2\/types\/page"}],"author":[{"embeddable":true,"href":"https:\/\/olioantichemacine.com\/es\/wp-json\/wp\/v2\/users\/1"}],"replies":[{"embeddable":true,"href":"https:\/\/olioantichemacine.com\/es\/wp-json\/wp\/v2\/comments?post=1071"}],"version-history":[{"count":2,"href":"https:\/\/olioantichemacine.com\/es\/wp-json\/wp\/v2\/pages\/1071\/revisions"}],"predecessor-version":[{"id":1075,"href":"https:\/\/olioantichemacine.com\/es\/wp-json\/wp\/v2\/pages\/1071\/revisions\/1075"}],"wp:attachment":[{"href":"https:\/\/olioantichemacine.com\/es\/wp-json\/wp\/v2\/media?parent=1071"}],"curies":[{"name":"wp","href":"https:\/\/api.w.org\/{rel}","templated":true}]}}