{"id":476,"date":"2023-09-28T13:12:37","date_gmt":"2023-09-28T11:12:37","guid":{"rendered":"https:\/\/olioantichemacine.com\/?page_id=476"},"modified":"2023-10-16T14:24:02","modified_gmt":"2023-10-16T12:24:02","slug":"eventos","status":"publish","type":"page","link":"https:\/\/olioantichemacine.com\/es\/eventos\/","title":{"rendered":"Eventos"},"content":{"rendered":"\n<div class=\"wp-block-columns alignwide is-layout-flex wp-container-core-columns-is-layout-b0bab6eb wp-block-columns-is-layout-flex\" style=\"margin-top:var(--wp--preset--spacing--40);margin-bottom:var(--wp--preset--spacing--40)\">\n<div class=\"wp-block-column is-layout-flow wp-block-column-is-layout-flow\">\n<figure class=\"wp-block-image size-full\"><img loading=\"lazy\" decoding=\"async\" width=\"601\" height=\"400\" src=\"https:\/\/olioantichemacine.com\/wp-content\/uploads\/2023\/10\/Idea-bomboniera.webp\" alt=\"\" class=\"wp-image-188\" srcset=\"https:\/\/olioantichemacine.com\/wp-content\/uploads\/2023\/10\/Idea-bomboniera.webp 601w, https:\/\/olioantichemacine.com\/wp-content\/uploads\/2023\/10\/Idea-bomboniera-300x200.webp 300w\" sizes=\"auto, (max-width: 601px) 100vw, 601px\" \/><\/figure>\n<\/div>\n\n\n\n<div class=\"wp-block-column is-layout-flow wp-block-column-is-layout-flow\">\n<h3 class=\"wp-block-heading has-text-align-left\">ANTICHE MACINE PARA TUS EVENTOS<\/h3>\n\n\n\n<p class=\"has-text-align-left\"><em>Sorprende a tus invitados con un regalo exclusivo!<\/em><\/p>\n\n\n\n<p><strong>Antiche Macine<\/strong> ofrece para tu evento o ceremonia un regalo de buen gusto para tus invitados, como recuerdo de un momento especial.<\/p>\n\n\n\n<p>Las elegantes Botellas peque\u00f1as de 20 ml con nuestros aceites aromatizados y personalizados seg\u00fan tus gustos. Decorar\u00e1n la mesa del evento y enriquecer\u00e1n el d\u00eda de tu celebraci\u00f3n con gusto y originalidad.<\/p>\n<\/div>\n<\/div>\n\n\n\n<div class=\"wp-block-columns alignwide is-layout-flex wp-container-core-columns-is-layout-b0bab6eb wp-block-columns-is-layout-flex\" style=\"margin-top:var(--wp--preset--spacing--40);margin-bottom:var(--wp--preset--spacing--40)\">\n<div class=\"wp-block-column is-layout-flow wp-block-column-is-layout-flow\">\n<h3 class=\"wp-block-heading has-text-align-left\">Haz inolvidable tu fiesta!<\/h3>\n\n\n\n<p class=\"has-text-align-left\"><em>Elige la calidad de nuestro aceite extra virgen de oliva<\/em><\/p>\n\n\n\n<p>Para tu d\u00eda especial, <strong>Antiche Macine<\/strong> ofrece una idea deliciosa y delicada, diferente de los cl\u00e1sicos y aburridos obsequios de<strong> <\/strong>boda, que cuenta la historia de nuestro territorio y la pasi\u00f3n de la <strong>familia Oropallo<\/strong>. La calidad y el sabor del aceite extra virgen de oliva se fusionan con el dise\u00f1o y delicadeza de un embalaje exclusivo; una caja de regalo <strong>100% reciclable y personalizable <\/strong>con los nombres de los c\u00f3nyuges y la fecha del feliz acontecimiento. Un <strong>regalo de buen gusto<\/strong> apto para cualquier ocasi\u00f3n: bautizos, confirmaciones, <strong>graduaciones y muchos otros eventos<\/strong>.<\/p>\n<\/div>\n\n\n\n<div class=\"wp-block-column is-layout-flow wp-block-column-is-layout-flow\">\n<figure class=\"wp-block-image size-full\"><img loading=\"lazy\" decoding=\"async\" width=\"600\" height=\"400\" src=\"https:\/\/olioantichemacine.com\/wp-content\/uploads\/2023\/10\/Personalizza-la-tua-gift.webp\" alt=\"\" class=\"wp-image-189\" srcset=\"https:\/\/olioantichemacine.com\/wp-content\/uploads\/2023\/10\/Personalizza-la-tua-gift.webp 600w, https:\/\/olioantichemacine.com\/wp-content\/uploads\/2023\/10\/Personalizza-la-tua-gift-300x200.webp 300w\" sizes=\"auto, (max-width: 600px) 100vw, 600px\" \/><\/figure>\n<\/div>\n<\/div>\n\n\n\n<div class=\"wp-block-cover alignfull is-light has-parallax\" style=\"min-height:190px;aspect-ratio:unset;\"><span aria-hidden=\"true\" class=\"wp-block-cover__background has-background-dim-20 has-background-dim\"><\/span><div role=\"img\" class=\"wp-block-cover__image-background wp-image-133 has-parallax\" style=\"background-position:50% 50%;background-image:url(https:\/\/olioantichemacine.com\/wp-content\/uploads\/2023\/09\/Eventi-parallax.webp)\"><\/div><div class=\"wp-block-cover__inner-container has-global-padding is-layout-constrained wp-block-cover-is-layout-constrained\">\n<p class=\"has-text-align-center has-large-font-size\"><\/p>\n<\/div><\/div>\n\n\n\n<div style=\"height:20px\" aria-hidden=\"true\" class=\"wp-block-spacer\"><\/div>\n\n\n\n<div class=\"wp-block-columns is-layout-flex wp-container-core-columns-is-layout-28f84493 wp-block-columns-is-layout-flex\">\n<div class=\"wp-block-column is-layout-flow wp-block-column-is-layout-flow\">\n<h3 class=\"wp-block-heading has-text-align-left\">ESCRIBENOS Y DESCUBRE LA PROPUESTA MAS ADECUADA PARA TU EVENTO!<\/h3>\n\n\n\n<p class=\"has-text-align-left\"><em>Para tu ceremonia o fiesta elige Antiche Macine y deja un recuerdo \u00fanico a tus invitados! Cu\u00e9ntanos tus necesidades y todos los detalles de tu d\u00eda especial, en breve ser\u00e1s contactado por nuestro personal, para la propuesta que mejor se adapte a tu solicitud.<\/em><\/p>\n\n\n\n<div style=\"height:30px\" aria-hidden=\"true\" class=\"wp-block-spacer\"><\/div>\n\n\n\n<h4 class=\"wp-block-heading\" style=\"margin-top:0;margin-bottom:0;padding-top:0;padding-bottom:0;font-size:clamp(14px, 0.875rem + ((1vw - 3.2px) * 0.408), 18px);\">Direcci\u00f3n<\/h4>\n\n\n\n<p style=\"margin-top:10px;margin-bottom:10px;padding-top:0;padding-bottom:0\">Via San Sebastiano 2<br>82010 Moiano, Benevento<\/p>\n\n\n\n<div style=\"height:30px\" aria-hidden=\"true\" class=\"wp-block-spacer\"><\/div>\n\n\n\n<h4 class=\"wp-block-heading\" style=\"margin-top:0;margin-bottom:0;padding-top:0;padding-bottom:0;font-size:clamp(14px, 0.875rem + ((1vw - 3.2px) * 0.408), 18px);\">Correo<\/h4>\n\n\n\n<p style=\"margin-top:10px;margin-bottom:10px;padding-top:0;padding-bottom:0\"><a href=\"mailto:info@olioantichemacine.com\">info@olioantichemacine.com<\/a><\/p>\n\n\n\n<div style=\"height:30px\" aria-hidden=\"true\" class=\"wp-block-spacer\"><\/div>\n\n\n\n<h4 class=\"wp-block-heading\" style=\"margin-top:0;margin-bottom:0;padding-top:0;padding-bottom:0;font-size:clamp(14px, 0.875rem + ((1vw - 3.2px) * 0.408), 18px);\">Tel\u00e9fono<\/h4>\n\n\n\n<p style=\"margin-top:10px;margin-bottom:10px;padding-top:0;padding-bottom:0\"><a href=\"http:\/\/+390823713102\">+390823713102<\/a><\/p>\n\n\n\n<div style=\"height:30px\" aria-hidden=\"true\" class=\"wp-block-spacer\"><\/div>\n\n\n\n<h4 class=\"wp-block-heading\" style=\"margin-top:0;margin-bottom:0;padding-top:0;padding-bottom:0;font-size:clamp(14px, 0.875rem + ((1vw - 3.2px) * 0.408), 18px);\">WhatsApp<\/h4>\n\n\n\n<p style=\"margin-top:10px;margin-bottom:10px;padding-top:0;padding-bottom:0\"><a href=\"https:\/\/api.whatsapp.com\/send?phone=393209087427\" target=\"_blank\" rel=\"noreferrer noopener\">Invia un messaggio<\/a><\/p>\n\n\n\n<div style=\"height:30px\" aria-hidden=\"true\" class=\"wp-block-spacer\"><\/div>\n\n\n\n<h4 class=\"wp-block-heading\" style=\"margin-top:0;margin-bottom:0;padding-top:0;padding-bottom:0;font-size:clamp(14px, 0.875rem + ((1vw - 3.2px) * 0.408), 18px);\">Redes<\/h4>\n\n\n\n<ul class=\"wp-block-social-links has-icon-color is-style-logos-only is-layout-flex wp-block-social-links-is-layout-flex\"><li style=\"color:#9c9c9b;\" class=\"wp-social-link wp-social-link-facebook has-secondary-color wp-block-social-link\"><a href=\"https:\/\/www.facebook.com\/Frantoio-Le-Antiche-Macine-724043011013121\/\" class=\"wp-block-social-link-anchor\"><svg width=\"24\" height=\"24\" viewBox=\"0 0 24 24\" version=\"1.1\" xmlns=\"http:\/\/www.w3.org\/2000\/svg\" aria-hidden=\"true\" focusable=\"false\"><path d=\"M12 2C6.5 2 2 6.5 2 12c0 5 3.7 9.1 8.4 9.9v-7H7.9V12h2.5V9.8c0-2.5 1.5-3.9 3.8-3.9 1.1 0 2.2.2 2.2.2v2.5h-1.3c-1.2 0-1.6.8-1.6 1.6V12h2.8l-.4 2.9h-2.3v7C18.3 21.1 22 17 22 12c0-5.5-4.5-10-10-10z\"><\/path><\/svg><span class=\"wp-block-social-link-label screen-reader-text\">Facebook<\/span><\/a><\/li>\n\n<li style=\"color:#9c9c9b;\" class=\"wp-social-link wp-social-link-instagram has-secondary-color wp-block-social-link\"><a href=\"https:\/\/www.instagram.com\/olioantichemacine\/\" class=\"wp-block-social-link-anchor\"><svg width=\"24\" height=\"24\" viewBox=\"0 0 24 24\" version=\"1.1\" xmlns=\"http:\/\/www.w3.org\/2000\/svg\" aria-hidden=\"true\" focusable=\"false\"><path d=\"M12,4.622c2.403,0,2.688,0.009,3.637,0.052c0.877,0.04,1.354,0.187,1.671,0.31c0.42,0.163,0.72,0.358,1.035,0.673 c0.315,0.315,0.51,0.615,0.673,1.035c0.123,0.317,0.27,0.794,0.31,1.671c0.043,0.949,0.052,1.234,0.052,3.637 s-0.009,2.688-0.052,3.637c-0.04,0.877-0.187,1.354-0.31,1.671c-0.163,0.42-0.358,0.72-0.673,1.035 c-0.315,0.315-0.615,0.51-1.035,0.673c-0.317,0.123-0.794,0.27-1.671,0.31c-0.949,0.043-1.233,0.052-3.637,0.052 s-2.688-0.009-3.637-0.052c-0.877-0.04-1.354-0.187-1.671-0.31c-0.42-0.163-0.72-0.358-1.035-0.673 c-0.315-0.315-0.51-0.615-0.673-1.035c-0.123-0.317-0.27-0.794-0.31-1.671C4.631,14.688,4.622,14.403,4.622,12 s0.009-2.688,0.052-3.637c0.04-0.877,0.187-1.354,0.31-1.671c0.163-0.42,0.358-0.72,0.673-1.035 c0.315-0.315,0.615-0.51,1.035-0.673c0.317-0.123,0.794-0.27,1.671-0.31C9.312,4.631,9.597,4.622,12,4.622 M12,3 C9.556,3,9.249,3.01,8.289,3.054C7.331,3.098,6.677,3.25,6.105,3.472C5.513,3.702,5.011,4.01,4.511,4.511 c-0.5,0.5-0.808,1.002-1.038,1.594C3.25,6.677,3.098,7.331,3.054,8.289C3.01,9.249,3,9.556,3,12c0,2.444,0.01,2.751,0.054,3.711 c0.044,0.958,0.196,1.612,0.418,2.185c0.23,0.592,0.538,1.094,1.038,1.594c0.5,0.5,1.002,0.808,1.594,1.038 c0.572,0.222,1.227,0.375,2.185,0.418C9.249,20.99,9.556,21,12,21s2.751-0.01,3.711-0.054c0.958-0.044,1.612-0.196,2.185-0.418 c0.592-0.23,1.094-0.538,1.594-1.038c0.5-0.5,0.808-1.002,1.038-1.594c0.222-0.572,0.375-1.227,0.418-2.185 C20.99,14.751,21,14.444,21,12s-0.01-2.751-0.054-3.711c-0.044-0.958-0.196-1.612-0.418-2.185c-0.23-0.592-0.538-1.094-1.038-1.594 c-0.5-0.5-1.002-0.808-1.594-1.038c-0.572-0.222-1.227-0.375-2.185-0.418C14.751,3.01,14.444,3,12,3L12,3z M12,7.378 c-2.552,0-4.622,2.069-4.622,4.622S9.448,16.622,12,16.622s4.622-2.069,4.622-4.622S14.552,7.378,12,7.378z M12,15 c-1.657,0-3-1.343-3-3s1.343-3,3-3s3,1.343,3,3S13.657,15,12,15z M16.804,6.116c-0.596,0-1.08,0.484-1.08,1.08 s0.484,1.08,1.08,1.08c0.596,0,1.08-0.484,1.08-1.08S17.401,6.116,16.804,6.116z\"><\/path><\/svg><span class=\"wp-block-social-link-label screen-reader-text\">Instagram<\/span><\/a><\/li><\/ul>\n\n\n\n<div style=\"height:20px\" aria-hidden=\"true\" class=\"wp-block-spacer\"><\/div>\n<\/div>\n\n\n\n<div class=\"wp-block-column is-layout-flow wp-block-column-is-layout-flow\">\n<div class=\"wp-block-contact-form-7-contact-form-selector\">\n<div class=\"wpcf7 no-js\" id=\"wpcf7-f515-o1\" lang=\"es-ES\" dir=\"ltr\" data-wpcf7-id=\"515\">\n<div class=\"screen-reader-response\"><p role=\"status\" aria-live=\"polite\" aria-atomic=\"true\"><\/p> <ul><\/ul><\/div>\n<form action=\"\/es\/wp-json\/wp\/v2\/pages\/476#wpcf7-f515-o1\" method=\"post\" class=\"wpcf7-form init custom-form\" aria-label=\"Formulario de contacto\" novalidate=\"novalidate\" data-status=\"init\">\n<fieldset class=\"hidden-fields-container\"><input type=\"hidden\" name=\"_wpcf7\" value=\"515\" \/><input type=\"hidden\" name=\"_wpcf7_version\" value=\"6.1.5\" \/><input type=\"hidden\" name=\"_wpcf7_locale\" value=\"es_ES\" \/><input type=\"hidden\" name=\"_wpcf7_unit_tag\" value=\"wpcf7-f515-o1\" \/><input type=\"hidden\" name=\"_wpcf7_container_post\" value=\"0\" \/><input type=\"hidden\" name=\"_wpcf7_posted_data_hash\" value=\"\" \/><input type=\"hidden\" name=\"_wpcf7_recaptcha_response\" value=\"\" \/>\n<\/fieldset>\n<p><label>Nombre*<br \/>\n<span class=\"wpcf7-form-control-wrap\" data-name=\"nome\"><input size=\"40\" maxlength=\"400\" class=\"wpcf7-form-control wpcf7-text wpcf7-validates-as-required\" aria-required=\"true\" aria-invalid=\"false\" value=\"\" type=\"text\" name=\"nome\" \/><\/span><\/label>\n<\/p>\n<p><label>Apellido*<br \/>\n<span class=\"wpcf7-form-control-wrap\" data-name=\"cognome\"><input size=\"40\" maxlength=\"400\" class=\"wpcf7-form-control wpcf7-text wpcf7-validates-as-required\" aria-required=\"true\" aria-invalid=\"false\" value=\"\" type=\"text\" name=\"cognome\" \/><\/span><\/label>\n<\/p>\n<p><label>Correo electronico*<br \/>\n<span class=\"wpcf7-form-control-wrap\" data-name=\"email\"><input size=\"40\" maxlength=\"400\" class=\"wpcf7-form-control wpcf7-email wpcf7-validates-as-required wpcf7-text wpcf7-validates-as-email\" aria-required=\"true\" aria-invalid=\"false\" value=\"\" type=\"email\" name=\"email\" \/><\/span> <\/label>\n<\/p>\n<p><label> Numero de telefono*<br \/>\n<span class=\"wpcf7-form-control-wrap\" data-name=\"telefono\"><input size=\"40\" maxlength=\"400\" class=\"wpcf7-form-control wpcf7-tel wpcf7-validates-as-required wpcf7-text wpcf7-validates-as-tel\" aria-required=\"true\" aria-invalid=\"false\" value=\"\" type=\"tel\" name=\"telefono\" \/><\/span> <\/label>\n<\/p>\n<p><label>Pais<br \/>\n<span class=\"wpcf7-form-control-wrap\" data-name=\"paese\"><input size=\"40\" maxlength=\"400\" class=\"wpcf7-form-control wpcf7-text wpcf7-validates-as-required\" aria-required=\"true\" aria-invalid=\"false\" value=\"\" type=\"text\" name=\"paese\" \/><\/span><br \/>\n<\/label><label>Cantidad<br \/>\n<span class=\"wpcf7-form-control-wrap\" data-name=\"qnt\"><input class=\"wpcf7-form-control wpcf7-number wpcf7-validates-as-required wpcf7-validates-as-number\" aria-required=\"true\" aria-invalid=\"false\" value=\"\" type=\"number\" name=\"qnt\" \/><\/span><br \/>\n<\/label><label>Eventos<br \/>\n<span class=\"wpcf7-form-control-wrap\" data-name=\"Evento\"><select class=\"wpcf7-form-control wpcf7-select wpcf7-validates-as-required\" aria-required=\"true\" aria-invalid=\"false\" name=\"Evento\"><option value=\"Matrimonio\">Matrimonio<\/option><option value=\"Bautizo\">Bautizo<\/option><option value=\"Comunion\">Comunion<\/option><option value=\"Confirmacion\">Confirmacion<\/option><option value=\"Cumpleanos\">Cumpleanos<\/option><\/select><\/span><br \/>\n<\/label><label>Nome de festejado<br \/>\n<span class=\"wpcf7-form-control-wrap\" data-name=\"paese\"><input size=\"40\" maxlength=\"400\" class=\"wpcf7-form-control wpcf7-text wpcf7-validates-as-required\" aria-required=\"true\" aria-invalid=\"false\" value=\"\" type=\"text\" name=\"paese\" \/><\/span><br \/>\n<\/label><label> Fecha<br \/>\n<span class=\"wpcf7-form-control-wrap\" data-name=\"Dataevento\"><input class=\"wpcf7-form-control wpcf7-date wpcf7-validates-as-required wpcf7-validates-as-date\" aria-required=\"true\" aria-invalid=\"false\" value=\"\" type=\"date\" name=\"Dataevento\" \/><\/span><br \/>\n<\/label><label>Tu mensaje<br \/>\n<span class=\"wpcf7-form-control-wrap\" data-name=\"messaggio\"><textarea cols=\"40\" rows=\"10\" maxlength=\"2000\" class=\"wpcf7-form-control wpcf7-textarea wpcf7-validates-as-required\" aria-required=\"true\" aria-invalid=\"false\" name=\"messaggio\"><\/textarea><\/span><br \/>\n<input class=\"wpcf7-form-control wpcf7-submit has-spinner\" type=\"submit\" value=\"Enviar solicitud\" \/><\/label>\n<\/p><div class=\"wpcf7-response-output\" aria-hidden=\"true\"><\/div>\n<\/form>\n<\/div>\n<\/div>\n<\/div>\n<\/div>\n","protected":false},"excerpt":{"rendered":"<p>ANTICHE MACINE PARA TUS EVENTOS Sorprende a tus invitados con un regalo exclusivo! Antiche Macine ofrece para tu evento o ceremonia un regalo de buen gusto para tus invitados, como recuerdo de un momento especial. Las elegantes Botellas peque\u00f1as de 20 ml con nuestros aceites aromatizados y personalizados seg\u00fan tus gustos. Decorar\u00e1n la mesa del [&hellip;]<\/p>\n","protected":false},"author":1,"featured_media":0,"parent":0,"menu_order":0,"comment_status":"closed","ping_status":"closed","template":"","meta":{"_uag_custom_page_level_css":"","_joinchat":[],"footnotes":""},"class_list":["post-476","page","type-page","status-publish","hentry"],"yoast_head":"<!-- This site is optimized with the Yoast SEO plugin v27.0 - https:\/\/yoast.com\/product\/yoast-seo-wordpress\/ -->\n<title>Eventos - Frantoio Antiche Macine<\/title>\n<meta name=\"description\" content=\"ANTICHE MACINE PARA TUS EVENTOS Sorprende a tus invitados con un regalo exclusivo! Antiche Macine ofrece para tu evento o ceremonia un regalo de buen\" \/>\n<meta name=\"robots\" content=\"index, follow, max-snippet:-1, max-image-preview:large, max-video-preview:-1\" \/>\n<link rel=\"canonical\" href=\"https:\/\/olioantichemacine.com\/es\/eventos\/\" \/>\n<meta property=\"og:locale\" content=\"es_ES\" \/>\n<meta property=\"og:type\" content=\"article\" \/>\n<meta property=\"og:title\" content=\"Eventos - Frantoio Antiche Macine\" \/>\n<meta property=\"og:description\" content=\"ANTICHE MACINE PARA TUS EVENTOS Sorprende a tus invitados con un regalo exclusivo! Antiche Macine ofrece para tu evento o ceremonia un regalo de buen\" \/>\n<meta property=\"og:url\" content=\"https:\/\/olioantichemacine.com\/es\/eventos\/\" \/>\n<meta property=\"og:site_name\" content=\"Frantoio Antiche Macine\" \/>\n<meta property=\"article:publisher\" content=\"https:\/\/www.facebook.com\/Frantoio-Le-Antiche-Macine-724043011013121\/\" \/>\n<meta property=\"article:modified_time\" content=\"2023-10-16T12:24:02+00:00\" \/>\n<meta property=\"og:image\" content=\"https:\/\/olioantichemacine.com\/wp-content\/uploads\/2023\/10\/Idea-bomboniera.webp\" \/>\n<meta name=\"twitter:card\" content=\"summary_large_image\" \/>\n<meta name=\"twitter:label1\" content=\"Tiempo de lectura\" \/>\n\t<meta name=\"twitter:data1\" content=\"2 minutos\" \/>\n<script type=\"application\/ld+json\" class=\"yoast-schema-graph\">{\"@context\":\"https:\/\/schema.org\",\"@graph\":[{\"@type\":\"WebPage\",\"@id\":\"https:\/\/olioantichemacine.com\/es\/eventos\/\",\"url\":\"https:\/\/olioantichemacine.com\/es\/eventos\/\",\"name\":\"Eventos - Frantoio Antiche Macine\",\"isPartOf\":{\"@id\":\"https:\/\/olioantichemacine.com\/es\/#website\"},\"primaryImageOfPage\":{\"@id\":\"https:\/\/olioantichemacine.com\/es\/eventos\/#primaryimage\"},\"image\":{\"@id\":\"https:\/\/olioantichemacine.com\/es\/eventos\/#primaryimage\"},\"thumbnailUrl\":\"https:\/\/olioantichemacine.com\/wp-content\/uploads\/2023\/10\/Idea-bomboniera.webp\",\"datePublished\":\"2023-09-28T11:12:37+00:00\",\"dateModified\":\"2023-10-16T12:24:02+00:00\",\"description\":\"ANTICHE MACINE PARA TUS EVENTOS Sorprende a tus invitados con un regalo exclusivo! Antiche Macine ofrece para tu evento o ceremonia un regalo de buen\",\"inLanguage\":\"es\",\"potentialAction\":[{\"@type\":\"ReadAction\",\"target\":[\"https:\/\/olioantichemacine.com\/es\/eventos\/\"]}]},{\"@type\":\"ImageObject\",\"inLanguage\":\"es\",\"@id\":\"https:\/\/olioantichemacine.com\/es\/eventos\/#primaryimage\",\"url\":\"https:\/\/olioantichemacine.com\/wp-content\/uploads\/2023\/10\/Idea-bomboniera.webp\",\"contentUrl\":\"https:\/\/olioantichemacine.com\/wp-content\/uploads\/2023\/10\/Idea-bomboniera.webp\"},{\"@type\":\"WebSite\",\"@id\":\"https:\/\/olioantichemacine.com\/es\/#website\",\"url\":\"https:\/\/olioantichemacine.com\/es\/\",\"name\":\"Frantoio Antiche Macine\",\"description\":\"Olio extravergine di oliva\",\"publisher\":{\"@id\":\"https:\/\/olioantichemacine.com\/es\/#organization\"},\"potentialAction\":[{\"@type\":\"SearchAction\",\"target\":{\"@type\":\"EntryPoint\",\"urlTemplate\":\"https:\/\/olioantichemacine.com\/es\/?s={search_term_string}\"},\"query-input\":{\"@type\":\"PropertyValueSpecification\",\"valueRequired\":true,\"valueName\":\"search_term_string\"}}],\"inLanguage\":\"es\"},{\"@type\":\"Organization\",\"@id\":\"https:\/\/olioantichemacine.com\/es\/#organization\",\"name\":\"Frantoio Antiche Macine\",\"url\":\"https:\/\/olioantichemacine.com\/es\/\",\"logo\":{\"@type\":\"ImageObject\",\"inLanguage\":\"es\",\"@id\":\"https:\/\/olioantichemacine.com\/es\/#\/schema\/logo\/image\/\",\"url\":\"https:\/\/olioantichemacine.com\/wp-content\/uploads\/2023\/09\/Antiche-Macine-Logo-1.webp\",\"contentUrl\":\"https:\/\/olioantichemacine.com\/wp-content\/uploads\/2023\/09\/Antiche-Macine-Logo-1.webp\",\"width\":500,\"height\":142,\"caption\":\"Frantoio Antiche Macine\"},\"image\":{\"@id\":\"https:\/\/olioantichemacine.com\/es\/#\/schema\/logo\/image\/\"},\"sameAs\":[\"https:\/\/www.facebook.com\/Frantoio-Le-Antiche-Macine-724043011013121\/\",\"https:\/\/www.instagram.com\/olioantichemacine\/\"]}]}<\/script>\n<!-- \/ Yoast SEO plugin. -->","yoast_head_json":{"title":"Eventos - Frantoio Antiche Macine","description":"ANTICHE MACINE PARA TUS EVENTOS Sorprende a tus invitados con un regalo exclusivo! Antiche Macine ofrece para tu evento o ceremonia un regalo de buen","robots":{"index":"index","follow":"follow","max-snippet":"max-snippet:-1","max-image-preview":"max-image-preview:large","max-video-preview":"max-video-preview:-1"},"canonical":"https:\/\/olioantichemacine.com\/es\/eventos\/","og_locale":"es_ES","og_type":"article","og_title":"Eventos - Frantoio Antiche Macine","og_description":"ANTICHE MACINE PARA TUS EVENTOS Sorprende a tus invitados con un regalo exclusivo! Antiche Macine ofrece para tu evento o ceremonia un regalo de buen","og_url":"https:\/\/olioantichemacine.com\/es\/eventos\/","og_site_name":"Frantoio Antiche Macine","article_publisher":"https:\/\/www.facebook.com\/Frantoio-Le-Antiche-Macine-724043011013121\/","article_modified_time":"2023-10-16T12:24:02+00:00","og_image":[{"url":"https:\/\/olioantichemacine.com\/wp-content\/uploads\/2023\/10\/Idea-bomboniera.webp","type":"","width":"","height":""}],"twitter_card":"summary_large_image","twitter_misc":{"Tiempo de lectura":"2 minutos"},"schema":{"@context":"https:\/\/schema.org","@graph":[{"@type":"WebPage","@id":"https:\/\/olioantichemacine.com\/es\/eventos\/","url":"https:\/\/olioantichemacine.com\/es\/eventos\/","name":"Eventos - Frantoio Antiche Macine","isPartOf":{"@id":"https:\/\/olioantichemacine.com\/es\/#website"},"primaryImageOfPage":{"@id":"https:\/\/olioantichemacine.com\/es\/eventos\/#primaryimage"},"image":{"@id":"https:\/\/olioantichemacine.com\/es\/eventos\/#primaryimage"},"thumbnailUrl":"https:\/\/olioantichemacine.com\/wp-content\/uploads\/2023\/10\/Idea-bomboniera.webp","datePublished":"2023-09-28T11:12:37+00:00","dateModified":"2023-10-16T12:24:02+00:00","description":"ANTICHE MACINE PARA TUS EVENTOS Sorprende a tus invitados con un regalo exclusivo! Antiche Macine ofrece para tu evento o ceremonia un regalo de buen","inLanguage":"es","potentialAction":[{"@type":"ReadAction","target":["https:\/\/olioantichemacine.com\/es\/eventos\/"]}]},{"@type":"ImageObject","inLanguage":"es","@id":"https:\/\/olioantichemacine.com\/es\/eventos\/#primaryimage","url":"https:\/\/olioantichemacine.com\/wp-content\/uploads\/2023\/10\/Idea-bomboniera.webp","contentUrl":"https:\/\/olioantichemacine.com\/wp-content\/uploads\/2023\/10\/Idea-bomboniera.webp"},{"@type":"WebSite","@id":"https:\/\/olioantichemacine.com\/es\/#website","url":"https:\/\/olioantichemacine.com\/es\/","name":"Frantoio Antiche Macine","description":"Olio extravergine di oliva","publisher":{"@id":"https:\/\/olioantichemacine.com\/es\/#organization"},"potentialAction":[{"@type":"SearchAction","target":{"@type":"EntryPoint","urlTemplate":"https:\/\/olioantichemacine.com\/es\/?s={search_term_string}"},"query-input":{"@type":"PropertyValueSpecification","valueRequired":true,"valueName":"search_term_string"}}],"inLanguage":"es"},{"@type":"Organization","@id":"https:\/\/olioantichemacine.com\/es\/#organization","name":"Frantoio Antiche Macine","url":"https:\/\/olioantichemacine.com\/es\/","logo":{"@type":"ImageObject","inLanguage":"es","@id":"https:\/\/olioantichemacine.com\/es\/#\/schema\/logo\/image\/","url":"https:\/\/olioantichemacine.com\/wp-content\/uploads\/2023\/09\/Antiche-Macine-Logo-1.webp","contentUrl":"https:\/\/olioantichemacine.com\/wp-content\/uploads\/2023\/09\/Antiche-Macine-Logo-1.webp","width":500,"height":142,"caption":"Frantoio Antiche Macine"},"image":{"@id":"https:\/\/olioantichemacine.com\/es\/#\/schema\/logo\/image\/"},"sameAs":["https:\/\/www.facebook.com\/Frantoio-Le-Antiche-Macine-724043011013121\/","https:\/\/www.instagram.com\/olioantichemacine\/"]}]}},"uagb_featured_image_src":{"full":false,"thumbnail":false,"medium":false,"medium_large":false,"large":false,"gs-tiny":false,"xl":false,"xxl":false,"xxxl":false,"xxxxl":false,"xxxxxl":false,"1536x1536":false,"2048x2048":false,"woocommerce_thumbnail":false,"woocommerce_single":false,"woocommerce_gallery_thumbnail":false,"variation_swatches_image_size":false,"variation_swatches_tooltip_size":false},"uagb_author_info":{"display_name":"admin","author_link":"https:\/\/olioantichemacine.com\/es\/author\/watermellon16_kinogs8i\/"},"uagb_comment_info":0,"uagb_excerpt":"ANTICHE MACINE PARA TUS EVENTOS Sorprende a tus invitados con un regalo exclusivo! Antiche Macine ofrece para tu evento o ceremonia un regalo de buen gusto para tus invitados, como recuerdo de un momento especial. Las elegantes Botellas peque\u00f1as de 20 ml con nuestros aceites aromatizados y personalizados seg\u00fan tus gustos. Decorar\u00e1n la mesa del&hellip;","jetpack_sharing_enabled":true,"_links":{"self":[{"href":"https:\/\/olioantichemacine.com\/es\/wp-json\/wp\/v2\/pages\/476","targetHints":{"allow":["GET"]}}],"collection":[{"href":"https:\/\/olioantichemacine.com\/es\/wp-json\/wp\/v2\/pages"}],"about":[{"href":"https:\/\/olioantichemacine.com\/es\/wp-json\/wp\/v2\/types\/page"}],"author":[{"embeddable":true,"href":"https:\/\/olioantichemacine.com\/es\/wp-json\/wp\/v2\/users\/1"}],"replies":[{"embeddable":true,"href":"https:\/\/olioantichemacine.com\/es\/wp-json\/wp\/v2\/comments?post=476"}],"version-history":[{"count":0,"href":"https:\/\/olioantichemacine.com\/es\/wp-json\/wp\/v2\/pages\/476\/revisions"}],"wp:attachment":[{"href":"https:\/\/olioantichemacine.com\/es\/wp-json\/wp\/v2\/media?parent=476"}],"curies":[{"name":"wp","href":"https:\/\/api.w.org\/{rel}","templated":true}]}}