{"id":482,"date":"2023-09-28T12:47:39","date_gmt":"2023-09-28T10:47:39","guid":{"rendered":"https:\/\/olioantichemacine.com\/?page_id=482"},"modified":"2023-10-16T12:06:45","modified_gmt":"2023-10-16T10:06:45","slug":"la-almazara","status":"publish","type":"page","link":"https:\/\/olioantichemacine.com\/es\/la-almazara\/","title":{"rendered":"La almazara"},"content":{"rendered":"\n<div class=\"wp-block-columns is-layout-flex wp-container-core-columns-is-layout-28f84493 wp-block-columns-is-layout-flex\">\n<div class=\"wp-block-column is-layout-flow wp-block-column-is-layout-flow\">\n<figure class=\"wp-block-image size-full\"><img loading=\"lazy\" decoding=\"async\" width=\"453\" height=\"500\" src=\"https:\/\/olioantichemacine.com\/wp-content\/uploads\/2023\/09\/Comp-1.webp\" alt=\"Il nostro frantoio\" class=\"wp-image-23\" srcset=\"https:\/\/olioantichemacine.com\/wp-content\/uploads\/2023\/09\/Comp-1.webp 453w, https:\/\/olioantichemacine.com\/wp-content\/uploads\/2023\/09\/Comp-1-272x300.webp 272w\" sizes=\"auto, (max-width: 453px) 100vw, 453px\" \/><\/figure>\n<\/div>\n\n\n\n<div class=\"wp-block-column is-layout-flow wp-block-column-is-layout-flow\">\n<h3 class=\"wp-block-heading\">La almazara familiar<\/h3>\n\n\n\n<p><em>Una historia transmitida durante tres generaciones<\/em><\/p>\n\n\n\n<p>La almazara <strong>\u201cAntiche Macine\u201d <\/strong>nace en el a\u00f1o 1965 en las laderas del <strong>Monte Taburno<\/strong>, en el coraz\u00f3n del <strong>Sannio. <\/strong>Nuestra historia se origin\u00f3 por el abuelo Carmine y su grande amor por las aceitunas, transmitida con los a\u00f1os a sus hijos y nietos, haciendo una verdadera y propia misi\u00f3n.<\/p>\n\n\n\n<p><strong>Desde hace 3 generaciones<\/strong> nos dedicamos con pasi\u00f3n a la producci\u00f3n de aceite de oliva extra virgen. No solo naci\u00f3 un excelente <strong>producto gastron\u00f3mico<\/strong> hecho en Italia sino tambi\u00e9n un verdadero embajador del gusto. Nuestro aceite de sabor inconfundible, cuenta una historia hecha de <strong>experiencia, tradici\u00f3n y amor<\/strong>.<\/p>\n<\/div>\n<\/div>\n\n\n\n<div style=\"height:20px\" aria-hidden=\"true\" class=\"wp-block-spacer\"><\/div>\n\n\n\n<div class=\"wp-block-columns is-layout-flex wp-container-core-columns-is-layout-28f84493 wp-block-columns-is-layout-flex\">\n<div class=\"wp-block-column is-layout-flow wp-block-column-is-layout-flow\">\n<h3 class=\"wp-block-heading\">NUESTRA HISTORIA<\/h3>\n\n\n\n<p><em>El aceite: una tradici\u00f3n familiar que a\u00fana valores, pasi\u00f3n y futuro\u2026<\/em><\/p>\n\n\n\n<p><strong>La Almazara<\/strong>, nace para procesar las aceitunas de terceras personas, con el tiempo y con la mirada hacia el futuro enfocamos nuestra actividad en la producci\u00f3n de un aceite extra virgen de oliva que re\u00fane todas las caracter\u00edsticas del territorio en el que nace; Un aceite de excelente calidad producido con el <strong>100% de aceitunas locales<\/strong>, en modo de seguir todo el proceso de cultivaci\u00f3n y cuidado de las mismas.<\/p>\n\n\n\n<p>Tras una <strong>cuidadosa selecci\u00f3n<\/strong>, nuestras aceitunas son procesadas con el cl\u00e1sico m\u00e9todo de <strong>extracci\u00f3n en frio<\/strong>, manteniendo as\u00ed sus propiedades <strong>organol\u00e9pticas y f\u00edsicas<\/strong>.<\/p>\n<\/div>\n\n\n\n<div class=\"wp-block-column is-layout-flow wp-block-column-is-layout-flow\">\n<figure class=\"wp-block-image size-full\"><img loading=\"lazy\" decoding=\"async\" width=\"334\" height=\"500\" src=\"https:\/\/olioantichemacine.com\/wp-content\/uploads\/2023\/09\/Bottigliaeolive.webp\" alt=\"\" class=\"wp-image-57\" srcset=\"https:\/\/olioantichemacine.com\/wp-content\/uploads\/2023\/09\/Bottigliaeolive.webp 334w, https:\/\/olioantichemacine.com\/wp-content\/uploads\/2023\/09\/Bottigliaeolive-200x300.webp 200w\" sizes=\"auto, (max-width: 334px) 100vw, 334px\" \/><\/figure>\n<\/div>\n<\/div>\n\n\n\n<div style=\"height:20px\" aria-hidden=\"true\" class=\"wp-block-spacer\"><\/div>\n\n\n\n<div class=\"wp-block-cover alignfull is-light has-parallax\" style=\"min-height:180px;aspect-ratio:unset;\"><span aria-hidden=\"true\" class=\"wp-block-cover__background has-background-dim-20 has-background-dim\"><\/span><div role=\"img\" class=\"wp-block-cover__image-background wp-image-55 has-parallax\" style=\"background-position:50% 50%;background-image:url(https:\/\/olioantichemacine.com\/wp-content\/uploads\/2023\/09\/Olio-antiche-macine.webp)\"><\/div><div class=\"wp-block-cover__inner-container has-global-padding is-layout-constrained wp-block-cover-is-layout-constrained\">\n<p class=\"has-text-align-center has-large-font-size\"><\/p>\n<\/div><\/div>\n\n\n\n<div style=\"height:20px\" aria-hidden=\"true\" class=\"wp-block-spacer\"><\/div>\n\n\n\n<h3 class=\"wp-block-heading has-text-align-center\">VALORES<\/h3>\n\n\n\n<p class=\"has-text-align-center\"><em>Valores, los que nos permiten ofrecer a quienes eligen nuestros productos una verdadera experiencia gastron\u00f3mica<\/em><\/p>\n\n\n\n<div class=\"wp-block-columns is-layout-flex wp-container-core-columns-is-layout-28f84493 wp-block-columns-is-layout-flex\">\n<div class=\"wp-block-column is-layout-flow wp-block-column-is-layout-flow\">\n<figure class=\"wp-block-image aligncenter size-full\"><img loading=\"lazy\" decoding=\"async\" width=\"150\" height=\"150\" src=\"https:\/\/olioantichemacine.com\/wp-content\/uploads\/2023\/09\/Qualita.webp\" alt=\"\" class=\"wp-image-56\" srcset=\"https:\/\/olioantichemacine.com\/wp-content\/uploads\/2023\/09\/Qualita.webp 150w, https:\/\/olioantichemacine.com\/wp-content\/uploads\/2023\/09\/Qualita-100x100.webp 100w\" sizes=\"auto, (max-width: 150px) 100vw, 150px\" \/><\/figure>\n\n\n\n<h4 class=\"wp-block-heading has-text-align-center\">Calidad<\/h4>\n\n\n\n<p class=\"has-text-align-center\">Elegimos solo las mejores aceitunas <strong>de nuestras plantas<\/strong>, siguiendo todo el proceso productivo para obtener un aceite de calidad de muy baja acidez y de caracter\u00edsticas organol\u00e9pticas incomparables.<\/p>\n<\/div>\n\n\n\n<div class=\"wp-block-column is-layout-flow wp-block-column-is-layout-flow\">\n<figure class=\"wp-block-image aligncenter size-full\"><img loading=\"lazy\" decoding=\"async\" width=\"150\" height=\"150\" src=\"https:\/\/olioantichemacine.com\/wp-content\/uploads\/2023\/09\/Innovazione.webp\" alt=\"\" class=\"wp-image-54\" srcset=\"https:\/\/olioantichemacine.com\/wp-content\/uploads\/2023\/09\/Innovazione.webp 150w, https:\/\/olioantichemacine.com\/wp-content\/uploads\/2023\/09\/Innovazione-100x100.webp 100w\" sizes=\"auto, (max-width: 150px) 100vw, 150px\" \/><\/figure>\n\n\n\n<h4 class=\"wp-block-heading has-text-align-center\">Innovacion<\/h4>\n\n\n\n<p class=\"has-text-align-center\">Creemos e invertimos en la innovaci\u00f3n tecnol\u00f3gica que nos permite mejorar el nivel de calidad de nuestro producto, respetando los valores de tradici\u00f3n, pasi\u00f3n y calidad que son la base de nuestra filosof\u00eda de trabajo.<\/p>\n<\/div>\n<\/div>\n\n\n\n<div style=\"height:20px\" aria-hidden=\"true\" class=\"wp-block-spacer\"><\/div>\n","protected":false},"excerpt":{"rendered":"<p>La almazara familiar Una historia transmitida durante tres generaciones La almazara \u201cAntiche Macine\u201d nace en el a\u00f1o 1965 en las laderas del Monte Taburno, en el coraz\u00f3n del Sannio. Nuestra historia se origin\u00f3 por el abuelo Carmine y su grande amor por las aceitunas, transmitida con los a\u00f1os a sus hijos y nietos, haciendo una [&hellip;]<\/p>\n","protected":false},"author":1,"featured_media":0,"parent":0,"menu_order":0,"comment_status":"closed","ping_status":"closed","template":"","meta":{"_uag_custom_page_level_css":"","_joinchat":[],"footnotes":""},"class_list":["post-482","page","type-page","status-publish","hentry"],"yoast_head":"<!-- This site is optimized with the Yoast SEO plugin v27.3 - https:\/\/yoast.com\/product\/yoast-seo-wordpress\/ -->\n<title>La almazara - Frantoio Antiche Macine<\/title>\n<meta name=\"description\" content=\"La almazara familiar Una historia transmitida durante tres generaciones La almazara \u201cAntiche Macine\u201d nace en el a\u00f1o 1965 en las laderas del Monte Taburno,\" \/>\n<meta name=\"robots\" content=\"index, follow, max-snippet:-1, max-image-preview:large, max-video-preview:-1\" \/>\n<link rel=\"canonical\" href=\"https:\/\/olioantichemacine.com\/es\/la-almazara\/\" \/>\n<meta property=\"og:locale\" content=\"es_ES\" \/>\n<meta property=\"og:type\" content=\"article\" \/>\n<meta property=\"og:title\" content=\"La almazara - Frantoio Antiche Macine\" \/>\n<meta property=\"og:description\" content=\"La almazara familiar Una historia transmitida durante tres generaciones La almazara \u201cAntiche Macine\u201d nace en el a\u00f1o 1965 en las laderas del Monte Taburno,\" \/>\n<meta property=\"og:url\" content=\"https:\/\/olioantichemacine.com\/es\/la-almazara\/\" \/>\n<meta property=\"og:site_name\" content=\"Frantoio Antiche Macine\" \/>\n<meta property=\"article:publisher\" content=\"https:\/\/www.facebook.com\/Frantoio-Le-Antiche-Macine-724043011013121\/\" \/>\n<meta property=\"article:modified_time\" content=\"2023-10-16T10:06:45+00:00\" \/>\n<meta property=\"og:image\" content=\"https:\/\/olioantichemacine.com\/wp-content\/uploads\/2023\/09\/Comp-1.webp\" \/>\n<meta name=\"twitter:card\" content=\"summary_large_image\" \/>\n<meta name=\"twitter:label1\" content=\"Tiempo de lectura\" \/>\n\t<meta name=\"twitter:data1\" content=\"3 minutos\" \/>\n<script type=\"application\/ld+json\" class=\"yoast-schema-graph\">{\"@context\":\"https:\\\/\\\/schema.org\",\"@graph\":[{\"@type\":\"WebPage\",\"@id\":\"https:\\\/\\\/olioantichemacine.com\\\/es\\\/la-almazara\\\/\",\"url\":\"https:\\\/\\\/olioantichemacine.com\\\/es\\\/la-almazara\\\/\",\"name\":\"La almazara - Frantoio Antiche Macine\",\"isPartOf\":{\"@id\":\"https:\\\/\\\/olioantichemacine.com\\\/es\\\/#website\"},\"primaryImageOfPage\":{\"@id\":\"https:\\\/\\\/olioantichemacine.com\\\/es\\\/la-almazara\\\/#primaryimage\"},\"image\":{\"@id\":\"https:\\\/\\\/olioantichemacine.com\\\/es\\\/la-almazara\\\/#primaryimage\"},\"thumbnailUrl\":\"https:\\\/\\\/olioantichemacine.com\\\/wp-content\\\/uploads\\\/2023\\\/09\\\/Comp-1.webp\",\"datePublished\":\"2023-09-28T10:47:39+00:00\",\"dateModified\":\"2023-10-16T10:06:45+00:00\",\"description\":\"La almazara familiar Una historia transmitida durante tres generaciones La almazara \u201cAntiche Macine\u201d nace en el a\u00f1o 1965 en las laderas del Monte Taburno,\",\"inLanguage\":\"es\",\"potentialAction\":[{\"@type\":\"ReadAction\",\"target\":[\"https:\\\/\\\/olioantichemacine.com\\\/es\\\/la-almazara\\\/\"]}]},{\"@type\":\"ImageObject\",\"inLanguage\":\"es\",\"@id\":\"https:\\\/\\\/olioantichemacine.com\\\/es\\\/la-almazara\\\/#primaryimage\",\"url\":\"https:\\\/\\\/olioantichemacine.com\\\/wp-content\\\/uploads\\\/2023\\\/09\\\/Comp-1.webp\",\"contentUrl\":\"https:\\\/\\\/olioantichemacine.com\\\/wp-content\\\/uploads\\\/2023\\\/09\\\/Comp-1.webp\"},{\"@type\":\"WebSite\",\"@id\":\"https:\\\/\\\/olioantichemacine.com\\\/es\\\/#website\",\"url\":\"https:\\\/\\\/olioantichemacine.com\\\/es\\\/\",\"name\":\"Frantoio Antiche Macine\",\"description\":\"Olio extravergine di oliva\",\"publisher\":{\"@id\":\"https:\\\/\\\/olioantichemacine.com\\\/es\\\/#organization\"},\"potentialAction\":[{\"@type\":\"SearchAction\",\"target\":{\"@type\":\"EntryPoint\",\"urlTemplate\":\"https:\\\/\\\/olioantichemacine.com\\\/es\\\/?s={search_term_string}\"},\"query-input\":{\"@type\":\"PropertyValueSpecification\",\"valueRequired\":true,\"valueName\":\"search_term_string\"}}],\"inLanguage\":\"es\"},{\"@type\":\"Organization\",\"@id\":\"https:\\\/\\\/olioantichemacine.com\\\/es\\\/#organization\",\"name\":\"Frantoio Antiche Macine\",\"url\":\"https:\\\/\\\/olioantichemacine.com\\\/es\\\/\",\"logo\":{\"@type\":\"ImageObject\",\"inLanguage\":\"es\",\"@id\":\"https:\\\/\\\/olioantichemacine.com\\\/es\\\/#\\\/schema\\\/logo\\\/image\\\/\",\"url\":\"https:\\\/\\\/olioantichemacine.com\\\/wp-content\\\/uploads\\\/2023\\\/09\\\/Antiche-Macine-Logo-1.webp\",\"contentUrl\":\"https:\\\/\\\/olioantichemacine.com\\\/wp-content\\\/uploads\\\/2023\\\/09\\\/Antiche-Macine-Logo-1.webp\",\"width\":500,\"height\":142,\"caption\":\"Frantoio Antiche Macine\"},\"image\":{\"@id\":\"https:\\\/\\\/olioantichemacine.com\\\/es\\\/#\\\/schema\\\/logo\\\/image\\\/\"},\"sameAs\":[\"https:\\\/\\\/www.facebook.com\\\/Frantoio-Le-Antiche-Macine-724043011013121\\\/\",\"https:\\\/\\\/www.instagram.com\\\/olioantichemacine\\\/\"]}]}<\/script>\n<!-- \/ Yoast SEO plugin. -->","yoast_head_json":{"title":"La almazara - Frantoio Antiche Macine","description":"La almazara familiar Una historia transmitida durante tres generaciones La almazara \u201cAntiche Macine\u201d nace en el a\u00f1o 1965 en las laderas del Monte Taburno,","robots":{"index":"index","follow":"follow","max-snippet":"max-snippet:-1","max-image-preview":"max-image-preview:large","max-video-preview":"max-video-preview:-1"},"canonical":"https:\/\/olioantichemacine.com\/es\/la-almazara\/","og_locale":"es_ES","og_type":"article","og_title":"La almazara - Frantoio Antiche Macine","og_description":"La almazara familiar Una historia transmitida durante tres generaciones La almazara \u201cAntiche Macine\u201d nace en el a\u00f1o 1965 en las laderas del Monte Taburno,","og_url":"https:\/\/olioantichemacine.com\/es\/la-almazara\/","og_site_name":"Frantoio Antiche Macine","article_publisher":"https:\/\/www.facebook.com\/Frantoio-Le-Antiche-Macine-724043011013121\/","article_modified_time":"2023-10-16T10:06:45+00:00","og_image":[{"url":"https:\/\/olioantichemacine.com\/wp-content\/uploads\/2023\/09\/Comp-1.webp","type":"","width":"","height":""}],"twitter_card":"summary_large_image","twitter_misc":{"Tiempo de lectura":"3 minutos"},"schema":{"@context":"https:\/\/schema.org","@graph":[{"@type":"WebPage","@id":"https:\/\/olioantichemacine.com\/es\/la-almazara\/","url":"https:\/\/olioantichemacine.com\/es\/la-almazara\/","name":"La almazara - Frantoio Antiche Macine","isPartOf":{"@id":"https:\/\/olioantichemacine.com\/es\/#website"},"primaryImageOfPage":{"@id":"https:\/\/olioantichemacine.com\/es\/la-almazara\/#primaryimage"},"image":{"@id":"https:\/\/olioantichemacine.com\/es\/la-almazara\/#primaryimage"},"thumbnailUrl":"https:\/\/olioantichemacine.com\/wp-content\/uploads\/2023\/09\/Comp-1.webp","datePublished":"2023-09-28T10:47:39+00:00","dateModified":"2023-10-16T10:06:45+00:00","description":"La almazara familiar Una historia transmitida durante tres generaciones La almazara \u201cAntiche Macine\u201d nace en el a\u00f1o 1965 en las laderas del Monte Taburno,","inLanguage":"es","potentialAction":[{"@type":"ReadAction","target":["https:\/\/olioantichemacine.com\/es\/la-almazara\/"]}]},{"@type":"ImageObject","inLanguage":"es","@id":"https:\/\/olioantichemacine.com\/es\/la-almazara\/#primaryimage","url":"https:\/\/olioantichemacine.com\/wp-content\/uploads\/2023\/09\/Comp-1.webp","contentUrl":"https:\/\/olioantichemacine.com\/wp-content\/uploads\/2023\/09\/Comp-1.webp"},{"@type":"WebSite","@id":"https:\/\/olioantichemacine.com\/es\/#website","url":"https:\/\/olioantichemacine.com\/es\/","name":"Frantoio Antiche Macine","description":"Olio extravergine di oliva","publisher":{"@id":"https:\/\/olioantichemacine.com\/es\/#organization"},"potentialAction":[{"@type":"SearchAction","target":{"@type":"EntryPoint","urlTemplate":"https:\/\/olioantichemacine.com\/es\/?s={search_term_string}"},"query-input":{"@type":"PropertyValueSpecification","valueRequired":true,"valueName":"search_term_string"}}],"inLanguage":"es"},{"@type":"Organization","@id":"https:\/\/olioantichemacine.com\/es\/#organization","name":"Frantoio Antiche Macine","url":"https:\/\/olioantichemacine.com\/es\/","logo":{"@type":"ImageObject","inLanguage":"es","@id":"https:\/\/olioantichemacine.com\/es\/#\/schema\/logo\/image\/","url":"https:\/\/olioantichemacine.com\/wp-content\/uploads\/2023\/09\/Antiche-Macine-Logo-1.webp","contentUrl":"https:\/\/olioantichemacine.com\/wp-content\/uploads\/2023\/09\/Antiche-Macine-Logo-1.webp","width":500,"height":142,"caption":"Frantoio Antiche Macine"},"image":{"@id":"https:\/\/olioantichemacine.com\/es\/#\/schema\/logo\/image\/"},"sameAs":["https:\/\/www.facebook.com\/Frantoio-Le-Antiche-Macine-724043011013121\/","https:\/\/www.instagram.com\/olioantichemacine\/"]}]}},"uagb_featured_image_src":{"full":false,"thumbnail":false,"medium":false,"medium_large":false,"large":false,"gs-tiny":false,"xl":false,"xxl":false,"xxxl":false,"xxxxl":false,"xxxxxl":false,"1536x1536":false,"2048x2048":false,"woocommerce_thumbnail":false,"woocommerce_single":false,"woocommerce_gallery_thumbnail":false,"variation_swatches_image_size":false,"variation_swatches_tooltip_size":false},"uagb_author_info":{"display_name":"admin","author_link":"https:\/\/olioantichemacine.com\/es\/author\/watermellon16_kinogs8i\/"},"uagb_comment_info":0,"uagb_excerpt":"La almazara familiar Una historia transmitida durante tres generaciones La almazara \u201cAntiche Macine\u201d nace en el a\u00f1o 1965 en las laderas del Monte Taburno, en el coraz\u00f3n del Sannio. Nuestra historia se origin\u00f3 por el abuelo Carmine y su grande amor por las aceitunas, transmitida con los a\u00f1os a sus hijos y nietos, haciendo una&hellip;","jetpack_sharing_enabled":true,"_links":{"self":[{"href":"https:\/\/olioantichemacine.com\/es\/wp-json\/wp\/v2\/pages\/482","targetHints":{"allow":["GET"]}}],"collection":[{"href":"https:\/\/olioantichemacine.com\/es\/wp-json\/wp\/v2\/pages"}],"about":[{"href":"https:\/\/olioantichemacine.com\/es\/wp-json\/wp\/v2\/types\/page"}],"author":[{"embeddable":true,"href":"https:\/\/olioantichemacine.com\/es\/wp-json\/wp\/v2\/users\/1"}],"replies":[{"embeddable":true,"href":"https:\/\/olioantichemacine.com\/es\/wp-json\/wp\/v2\/comments?post=482"}],"version-history":[{"count":0,"href":"https:\/\/olioantichemacine.com\/es\/wp-json\/wp\/v2\/pages\/482\/revisions"}],"wp:attachment":[{"href":"https:\/\/olioantichemacine.com\/es\/wp-json\/wp\/v2\/media?parent=482"}],"curies":[{"name":"wp","href":"https:\/\/api.w.org\/{rel}","templated":true}]}}