{"id":486,"date":"2023-09-28T13:04:30","date_gmt":"2023-09-28T11:04:30","guid":{"rendered":"https:\/\/olioantichemacine.com\/?page_id=486"},"modified":"2023-10-16T12:25:36","modified_gmt":"2023-10-16T10:25:36","slug":"productos","status":"publish","type":"page","link":"https:\/\/olioantichemacine.com\/es\/productos\/","title":{"rendered":"Productos"},"content":{"rendered":"\n<h3 class=\"wp-block-heading has-text-align-center\">ACEITE EXTRA VIRGEN DE OLIVA<\/h3>\n\n\n\n<p class=\"has-text-align-center\"><em>Olio: Nuestro, tu aceite extra virgen de oliva<\/em><\/p>\n\n\n\n<div class=\"wp-block-columns is-layout-flex wp-container-core-columns-is-layout-28f84493 wp-block-columns-is-layout-flex\">\n<div class=\"wp-block-column is-layout-flow wp-block-column-is-layout-flow\"><div id=\"gutenslider-d5g3ikq8u\" class=\"wp-block-eedee-block-gutenslider gs-frontend content-change alignnone adaptive-height adaptive-height-sm arrow-style-1 arrow-position-sides arrow-mb-none arrows-lg arrows-md arrows-sm dot-style-1 dots-lg-none dots-md-none dots-sm-none dot-position-bottom is-position-center-center mb-none wrap-auto-height\" data-parallax-direction=\"down\" data-parallax-amount=\"1.3\" data-lg-transition=\"lg-slide\" data-hash=\"\" ><div class=\"eedee-swiper-outer\" style=\"--gutenslider-min-height: 50vh;--gutenslider-arrow-size: 30px;--gutenslider-dot-size: 25px;--gutenslider-arrow-color: #000000;--gutenslider-dot-color: #ffffff;--gutenslider-padding-y-mobile: 40px;--gutenslider-padding-x-mobile: 40px;--gutenslider-padding-y-tablet: 40px;--gutenslider-padding-x-tablet: 40px;--gutenslider-padding-y-desktop: 40px;--gutenslider-padding-x-desktop: 40px;--gutenslider-bg-image: url();--gutenslider-min-height-md: 50vh;--gutenslider-min-height-sm: 50vh;--gutenslider-padding-x: 40px;--gutenslider-padding-x-md: 40px;--gutenslider-padding-x-sm: 20px;--gutenslider-padding-y: 40px;--gutenslider-padding-y-md: 40px;--gutenslider-padding-y-sm: 20px;--gutenslider-arrow-size-md: 30px;--gutenslider-arrow-size-sm: 30px;--gutenslider-dot-size-md: 25px;--gutenslider-dot-size-sm: 25px;--gutenslider-arrow-bg-color: transparent;--gutenslider-arrow-hover-color: #000000bb;--gutenslider-arrow-bg-hover-color: transparent;--gutenslider-arrow-x-offset: 10px;--gutenslider-arrow-x-offset-md: 10px;--gutenslider-arrow-x-offset-sm: 10px;--gutenslider-arrow-y-offset: 0px;--gutenslider-arrow-y-offset-md: 0px;--gutenslider-arrow-y-offset-sm: 0px;--gutenslider-arrow-x-spacing: 0px;--gutenslider-dot-y-offset: 10px;--gutenslider-dot-y-offset-md: 10px;--gutenslider-dot-y-offset-sm: 10px;--gutenslider-margin-x: 0px;--gutenslider-margin-x-md: 0px;--gutenslider-margin-x-sm: 0px;--gutenslider-margin-y: 0px;--gutenslider-margin-y-md: 0px;--gutenslider-margin-y-sm: 0px;--gutenslider-divider-top: 60px;--gutenslider-divider-bottom: 60px;--gutenslider-lightgallery-bg: #ffffff;--gutenslider-lightgallery-font: #000000;--gs-first-pos: 50% 50%;--gs-gap-vertical: var( --wp--style--gallery-gap-default, var( --gallery-block--gutter-size, var( --wp--style--block-gap, 0.5em ) ) );--gs-gap-horizontal: var( --wp--style--gallery-gap-default, var( --gallery-block--gutter-size, var( --wp--style--block-gap, 0.5em ) ) );\"><div class=\"gutenslider-divider-top\" style=\"color:#fff;\"><\/div><div class=\"swiper\" data-settings='{\"autoplay\":false,\"speed\":700,\"direction\":\"horizontal\",\"autoHeight\":\"1\",\"loop\":true,\"centeredSlides\":true,\"spaceBetween\":0,\"slidesPerView\":1,\"slidesPerGroup\":1,\"effect\":\"slide\",\"coverflowEffect\":{\"rotate\":30,\"slideShadows\":false,\"depth\":100,\"stretch\":50,\"modifier\":1},\"fadeEffect\":{\"crossFade\":true},\"zoom\":\"\",\"navigation\":{\"nextEl\":\"#gutenslider-d5g3ikq8u .eedee-gutenslider-next\",\"prevEl\":\"#gutenslider-d5g3ikq8u .eedee-gutenslider-prev\"},\"pagination\":{\"type\":\"bullets\",\"clickable\":true,\"dynamicBullets\":false,\"el\":\"#gutenslider-d5g3ikq8u .eedee-gutenslider-pagination\"},\"pauseOnHover\":\"1\",\"watchSlidesProgress\":true,\"watchSlidesVisibility\":true,\"settingsMd\":{\"autoHeight\":\"\",\"slidesPerView\":1,\"slidesPerGroup\":1,\"spaceBetween\":0,\"loop\":true},\"settingsLg\":{\"autoHeight\":\"1\",\"slidesPerView\":1,\"slidesPerGroup\":1,\"spaceBetween\":0,\"loop\":true},\"hasLg\":false,\"hasLgCounter\":true,\"isFullScreen\":false,\"arrowsFollowMouse\":false,\"lgTitle\":\"none\",\"lgCaption\":\"none\",\"lgThumbnails\":true,\"lgZoomEnabled\":false,\"keyboard\":{\"keyboard\":{\"enabled\":true,\"onlyInViewport\":true}},\"hashNavigation\":false,\"dividers\":false}'><div class=\"swiper-wrapper\">\n<div class=\"swiper-slide wp-block-eedee-block-gutenslide is-position-center-center ed-bg-image\" style=\"--ed-vw:300;--ed-vh:300;\" data-hash=\"\"><div class=\"eedee-background-div bg-image\"><img loading=\"lazy\" width=\"601\" height=\"600\" class=\"wp-image-182\" src=\"https:\/\/olioantichemacine.com\/wp-content\/uploads\/2023\/10\/Olio-Extravergine-Doliva-100ml.webp\" alt=\"\" decoding=\"async\" style=\"object-fit: cover; object-position: 50% 50%;\"  data-title=\"Olio Extravergine D&#039;oliva - 100ml\" srcset=\"https:\/\/olioantichemacine.com\/wp-content\/uploads\/2023\/10\/Olio-Extravergine-Doliva-100ml.webp 601w, https:\/\/olioantichemacine.com\/wp-content\/uploads\/2023\/10\/Olio-Extravergine-Doliva-100ml-450x450.webp 450w, https:\/\/olioantichemacine.com\/wp-content\/uploads\/2023\/10\/Olio-Extravergine-Doliva-100ml-100x100.webp 100w, https:\/\/olioantichemacine.com\/wp-content\/uploads\/2023\/10\/Olio-Extravergine-Doliva-100ml-300x300.webp 300w, https:\/\/olioantichemacine.com\/wp-content\/uploads\/2023\/10\/Olio-Extravergine-Doliva-100ml-150x150.webp 150w\" sizes=\"auto, (max-width: 601px) 100vw, 601px\" \/><div class=\"eedee-background-div__overlay\" style=\"opacity:1;\"><\/div><\/div><div class=\"slide-content\">\n\n<p class=\"has-text-align-center gutenslider-content-initial has-larger-font-size\"><\/p>\n\n<\/div><\/div>\n\n<div class=\"swiper-slide wp-block-eedee-block-gutenslide is-position-center-center ed-bg-image\" style=\"--ed-vw:300;--ed-vh:300;\" data-hash=\"\"><div class=\"eedee-background-div bg-image\"><img loading=\"lazy\" width=\"601\" height=\"601\" class=\"wp-image-183\" src=\"https:\/\/olioantichemacine.com\/wp-content\/uploads\/2023\/10\/Olio-Extravergine-Doliva-250ml.webp\" alt=\"\" decoding=\"async\" style=\"object-fit: cover; object-position: 50% 50%;\"  data-title=\"Olio Extravergine D&#039;oliva - 250ml\" srcset=\"https:\/\/olioantichemacine.com\/wp-content\/uploads\/2023\/10\/Olio-Extravergine-Doliva-250ml.webp 601w, https:\/\/olioantichemacine.com\/wp-content\/uploads\/2023\/10\/Olio-Extravergine-Doliva-250ml-450x450.webp 450w, https:\/\/olioantichemacine.com\/wp-content\/uploads\/2023\/10\/Olio-Extravergine-Doliva-250ml-100x100.webp 100w, https:\/\/olioantichemacine.com\/wp-content\/uploads\/2023\/10\/Olio-Extravergine-Doliva-250ml-300x300.webp 300w, https:\/\/olioantichemacine.com\/wp-content\/uploads\/2023\/10\/Olio-Extravergine-Doliva-250ml-150x150.webp 150w\" sizes=\"auto, (max-width: 601px) 100vw, 601px\" \/><div class=\"eedee-background-div__overlay\" style=\"opacity:1;\"><\/div><\/div><div class=\"slide-content\">\n\n<p class=\"has-text-align-center gutenslider-content-initial has-larger-font-size\"><\/p>\n\n<\/div><\/div>\n\n<div class=\"swiper-slide wp-block-eedee-block-gutenslide is-position-center-center ed-bg-image\" style=\"--ed-vw:300;--ed-vh:300;\" data-hash=\"\"><div class=\"eedee-background-div bg-image\"><img loading=\"lazy\" width=\"600\" height=\"601\" class=\"wp-image-184\" src=\"https:\/\/olioantichemacine.com\/wp-content\/uploads\/2023\/10\/Olio-Extravergine-Doliva-Latta-5l.webp\" alt=\"\" decoding=\"async\" style=\"object-fit: cover; object-position: 50% 50%;\"  data-title=\"Olio Extravergine D&#039;oliva - Latta-5l\" srcset=\"https:\/\/olioantichemacine.com\/wp-content\/uploads\/2023\/10\/Olio-Extravergine-Doliva-Latta-5l.webp 600w, https:\/\/olioantichemacine.com\/wp-content\/uploads\/2023\/10\/Olio-Extravergine-Doliva-Latta-5l-450x450.webp 450w, https:\/\/olioantichemacine.com\/wp-content\/uploads\/2023\/10\/Olio-Extravergine-Doliva-Latta-5l-100x100.webp 100w, https:\/\/olioantichemacine.com\/wp-content\/uploads\/2023\/10\/Olio-Extravergine-Doliva-Latta-5l-300x300.webp 300w, https:\/\/olioantichemacine.com\/wp-content\/uploads\/2023\/10\/Olio-Extravergine-Doliva-Latta-5l-150x150.webp 150w\" sizes=\"auto, (max-width: 600px) 100vw, 600px\" \/><div class=\"eedee-background-div__overlay\" style=\"opacity:1;\"><\/div><\/div><div class=\"slide-content\">\n\n<p class=\"has-text-align-center gutenslider-content-initial has-larger-font-size\"><\/p>\n\n<\/div><\/div>\n<\/div><\/div><button class=\"eedee-gutenslider-nav eedee-gutenslider-prev\"><svg xmlns=\"http:\/\/www.w3.org\/2000\/svg\" viewBox=\"0 0 24 24\" width=\"24\" height=\"24\"><circle class=\"bg\" cx=\"13\" cy=\"12\" r=\"11\" \/><path fill=\"none\" d=\"M0 0h24v24H0z\"\/><path class=\"arrow\" d=\"M10.828 12l4.95 4.95-1.414 1.414L8 12l6.364-6.364 1.414 1.414z\"\/><\/svg><\/button><button class=\"eedee-gutenslider-nav eedee-gutenslider-next\"><svg xmlns=\"http:\/\/www.w3.org\/2000\/svg\" viewBox=\"0 0 24 24\" width=\"24\" height=\"24\"><circle class=\"bg\" cx=\"11\" cy=\"12\" r=\"11\" \/><path fill=\"none\" d=\"M0 0h24v24H0z\"\/><path class=\"arrow\" d=\"M13.172 12l-4.95-4.95 1.414-1.414L16 12l-6.364 6.364-1.414-1.414z\"\/><\/svg><\/button><div class=\"eedee-gutenslider-pagination\"><\/div><div class=\"gutenslider-divider-bottom \" style=\"color:#fff;\"><\/div><\/div><\/div><\/div>\n\n\n\n<div class=\"wp-block-column is-layout-flow wp-block-column-is-layout-flow\">\n<p>Nuestro primer <strong>oro amarillo-verdoso<\/strong> producido en Alta Colina (650 mtrs. s.n.m), recibe el nombre de \u201cOl\u00edo\u201d y cuenta la historia de la <strong>familia Oropallo<\/strong>, hecha de amor y cuidado por su tierra, de constante b\u00fasqueda y perseverancia en el propio trabajo.<\/p>\n\n\n\n<p>Todo esto se refleja en un aceite org\u00e1nico genuino de alta calidad y con un sabor \u00fanico, obtenido solo <strong>con fertilizaci\u00f3n org\u00e1nica, sin el uso de pesticidas o fungicidas<\/strong>.<\/p>\n\n\n\n<div class=\"wp-block-buttons is-layout-flex wp-block-buttons-is-layout-flex\">\n<div class=\"wp-block-button\"><a class=\"wp-block-button__link wp-element-button\">Comprar ahora<\/a><\/div>\n<\/div>\n<\/div>\n<\/div>\n\n\n\n<div style=\"height:20px\" aria-hidden=\"true\" class=\"wp-block-spacer\"><\/div>\n\n\n\n<h3 class=\"wp-block-heading has-text-align-center\">ACEITES AROMATIZADOS<\/h3>\n\n\n\n<p class=\"has-text-align-center\"><em>\u00a1Ll\u00e9valos a la mesa para realzar el sabor de cada plato!<\/em><\/p>\n\n\n\n<div class=\"wp-block-columns is-layout-flex wp-container-core-columns-is-layout-28f84493 wp-block-columns-is-layout-flex\">\n<div class=\"wp-block-column is-layout-flow wp-block-column-is-layout-flow\">\n<figure class=\"wp-block-image size-full\"><img loading=\"lazy\" decoding=\"async\" width=\"600\" height=\"600\" src=\"https:\/\/olioantichemacine.com\/wp-content\/uploads\/2023\/10\/Olio-Aromatizzato-Peperoncino.webp\" alt=\"\" class=\"wp-image-180\" srcset=\"https:\/\/olioantichemacine.com\/wp-content\/uploads\/2023\/10\/Olio-Aromatizzato-Peperoncino.webp 600w, https:\/\/olioantichemacine.com\/wp-content\/uploads\/2023\/10\/Olio-Aromatizzato-Peperoncino-450x450.webp 450w, https:\/\/olioantichemacine.com\/wp-content\/uploads\/2023\/10\/Olio-Aromatizzato-Peperoncino-100x100.webp 100w, https:\/\/olioantichemacine.com\/wp-content\/uploads\/2023\/10\/Olio-Aromatizzato-Peperoncino-300x300.webp 300w, https:\/\/olioantichemacine.com\/wp-content\/uploads\/2023\/10\/Olio-Aromatizzato-Peperoncino-150x150.webp 150w\" sizes=\"auto, (max-width: 600px) 100vw, 600px\" \/><\/figure>\n<\/div>\n\n\n\n<div class=\"wp-block-column is-layout-flow wp-block-column-is-layout-flow\">\n<h4 class=\"wp-block-heading\">CHILE PICANTE<\/h4>\n\n\n\n<p><strong>Dedicado a los amantes del picante<\/strong>. El sabor y el perfume del chile picante caracterizan este condimento de mil usos como base de preparaci\u00f3n en los platos \u00fanicos entre Spaghetti, ajo, aceite y chile picante. <\/p>\n\n\n\n<p><em>Ideal tambi\u00e9n para <strong>carnes a la parrilla, sopas de legumbres, verduras azadas y pizzas<\/strong>.<\/em><\/p>\n\n\n\n<div class=\"wp-block-buttons is-layout-flex wp-block-buttons-is-layout-flex\">\n<div class=\"wp-block-button\"><a class=\"wp-block-button__link wp-element-button\">Comprar ahora<\/a><\/div>\n<\/div>\n<\/div>\n<\/div>\n\n\n\n<div style=\"height:20px\" aria-hidden=\"true\" class=\"wp-block-spacer\"><\/div>\n\n\n\n<div class=\"wp-block-columns is-layout-flex wp-container-core-columns-is-layout-28f84493 wp-block-columns-is-layout-flex\">\n<div class=\"wp-block-column is-layout-flow wp-block-column-is-layout-flow\">\n<figure class=\"wp-block-image size-full\"><img loading=\"lazy\" decoding=\"async\" width=\"600\" height=\"600\" src=\"https:\/\/olioantichemacine.com\/wp-content\/uploads\/2023\/10\/Olio-Aromatizzato-Limone.webp\" alt=\"\" class=\"wp-image-181\" srcset=\"https:\/\/olioantichemacine.com\/wp-content\/uploads\/2023\/10\/Olio-Aromatizzato-Limone.webp 600w, https:\/\/olioantichemacine.com\/wp-content\/uploads\/2023\/10\/Olio-Aromatizzato-Limone-450x450.webp 450w, https:\/\/olioantichemacine.com\/wp-content\/uploads\/2023\/10\/Olio-Aromatizzato-Limone-100x100.webp 100w, https:\/\/olioantichemacine.com\/wp-content\/uploads\/2023\/10\/Olio-Aromatizzato-Limone-300x300.webp 300w, https:\/\/olioantichemacine.com\/wp-content\/uploads\/2023\/10\/Olio-Aromatizzato-Limone-150x150.webp 150w\" sizes=\"auto, (max-width: 600px) 100vw, 600px\" \/><\/figure>\n<\/div>\n\n\n\n<div class=\"wp-block-column is-layout-flow wp-block-column-is-layout-flow\">\n<h4 class=\"wp-block-heading\">LIM\u00d3N<\/h4>\n\n\n\n<p>Gracias a su perfume vivaz y agradablemente fresco el aromatizado de lim\u00f3n es el acompa\u00f1ante ideal para el pescado, carnes blancas y ensaladas.<\/p>\n\n\n\n<div class=\"wp-block-buttons is-layout-flex wp-block-buttons-is-layout-flex\">\n<div class=\"wp-block-button\"><a class=\"wp-block-button__link wp-element-button\">Comprar ahora<\/a><\/div>\n<\/div>\n<\/div>\n<\/div>\n","protected":false},"excerpt":{"rendered":"<p>ACEITE EXTRA VIRGEN DE OLIVA Olio: Nuestro, tu aceite extra virgen de oliva Nuestro primer oro amarillo-verdoso producido en Alta Colina (650 mtrs. s.n.m), recibe el nombre de \u201cOl\u00edo\u201d y cuenta la historia de la familia Oropallo, hecha de amor y cuidado por su tierra, de constante b\u00fasqueda y perseverancia en el propio trabajo. Todo [&hellip;]<\/p>\n","protected":false},"author":1,"featured_media":0,"parent":0,"menu_order":0,"comment_status":"closed","ping_status":"closed","template":"","meta":{"_uag_custom_page_level_css":"","_joinchat":[],"footnotes":""},"class_list":["post-486","page","type-page","status-publish","hentry"],"yoast_head":"<!-- This site is optimized with the Yoast SEO plugin v27.3 - https:\/\/yoast.com\/product\/yoast-seo-wordpress\/ -->\n<title>Productos - Frantoio Antiche Macine<\/title>\n<meta name=\"description\" content=\"ACEITE EXTRA VIRGEN DE OLIVA Olio: Nuestro, tu aceite extra virgen de oliva Nuestro primer oro amarillo-verdoso producido en Alta Colina (650 mtrs.\" \/>\n<meta name=\"robots\" content=\"index, follow, max-snippet:-1, max-image-preview:large, max-video-preview:-1\" \/>\n<link rel=\"canonical\" href=\"https:\/\/olioantichemacine.com\/es\/productos\/\" \/>\n<meta property=\"og:locale\" content=\"es_ES\" \/>\n<meta property=\"og:type\" content=\"article\" \/>\n<meta property=\"og:title\" content=\"Productos - Frantoio Antiche Macine\" \/>\n<meta property=\"og:description\" content=\"ACEITE EXTRA VIRGEN DE OLIVA Olio: Nuestro, tu aceite extra virgen de oliva Nuestro primer oro amarillo-verdoso producido en Alta Colina (650 mtrs.\" \/>\n<meta property=\"og:url\" content=\"https:\/\/olioantichemacine.com\/es\/productos\/\" \/>\n<meta property=\"og:site_name\" content=\"Frantoio Antiche Macine\" \/>\n<meta property=\"article:publisher\" content=\"https:\/\/www.facebook.com\/Frantoio-Le-Antiche-Macine-724043011013121\/\" \/>\n<meta property=\"article:modified_time\" content=\"2023-10-16T10:25:36+00:00\" \/>\n<meta property=\"og:image\" content=\"https:\/\/olioantichemacine.com\/wp-content\/uploads\/2023\/10\/Olio-Aromatizzato-Peperoncino.webp\" \/>\n<meta name=\"twitter:card\" content=\"summary_large_image\" \/>\n<meta name=\"twitter:label1\" content=\"Tiempo de lectura\" \/>\n\t<meta name=\"twitter:data1\" content=\"2 minutos\" \/>\n<script type=\"application\/ld+json\" class=\"yoast-schema-graph\">{\"@context\":\"https:\\\/\\\/schema.org\",\"@graph\":[{\"@type\":\"WebPage\",\"@id\":\"https:\\\/\\\/olioantichemacine.com\\\/es\\\/productos\\\/\",\"url\":\"https:\\\/\\\/olioantichemacine.com\\\/es\\\/productos\\\/\",\"name\":\"Productos - Frantoio Antiche Macine\",\"isPartOf\":{\"@id\":\"https:\\\/\\\/olioantichemacine.com\\\/es\\\/#website\"},\"primaryImageOfPage\":{\"@id\":\"https:\\\/\\\/olioantichemacine.com\\\/es\\\/productos\\\/#primaryimage\"},\"image\":{\"@id\":\"https:\\\/\\\/olioantichemacine.com\\\/es\\\/productos\\\/#primaryimage\"},\"thumbnailUrl\":\"https:\\\/\\\/olioantichemacine.com\\\/wp-content\\\/uploads\\\/2023\\\/10\\\/Olio-Aromatizzato-Peperoncino.webp\",\"datePublished\":\"2023-09-28T11:04:30+00:00\",\"dateModified\":\"2023-10-16T10:25:36+00:00\",\"description\":\"ACEITE EXTRA VIRGEN DE OLIVA Olio: Nuestro, tu aceite extra virgen de oliva Nuestro primer oro amarillo-verdoso producido en Alta Colina (650 mtrs.\",\"inLanguage\":\"es\",\"potentialAction\":[{\"@type\":\"ReadAction\",\"target\":[\"https:\\\/\\\/olioantichemacine.com\\\/es\\\/productos\\\/\"]}]},{\"@type\":\"ImageObject\",\"inLanguage\":\"es\",\"@id\":\"https:\\\/\\\/olioantichemacine.com\\\/es\\\/productos\\\/#primaryimage\",\"url\":\"https:\\\/\\\/olioantichemacine.com\\\/wp-content\\\/uploads\\\/2023\\\/10\\\/Olio-Aromatizzato-Peperoncino.webp\",\"contentUrl\":\"https:\\\/\\\/olioantichemacine.com\\\/wp-content\\\/uploads\\\/2023\\\/10\\\/Olio-Aromatizzato-Peperoncino.webp\"},{\"@type\":\"WebSite\",\"@id\":\"https:\\\/\\\/olioantichemacine.com\\\/es\\\/#website\",\"url\":\"https:\\\/\\\/olioantichemacine.com\\\/es\\\/\",\"name\":\"Frantoio Antiche Macine\",\"description\":\"Olio extravergine di oliva\",\"publisher\":{\"@id\":\"https:\\\/\\\/olioantichemacine.com\\\/es\\\/#organization\"},\"potentialAction\":[{\"@type\":\"SearchAction\",\"target\":{\"@type\":\"EntryPoint\",\"urlTemplate\":\"https:\\\/\\\/olioantichemacine.com\\\/es\\\/?s={search_term_string}\"},\"query-input\":{\"@type\":\"PropertyValueSpecification\",\"valueRequired\":true,\"valueName\":\"search_term_string\"}}],\"inLanguage\":\"es\"},{\"@type\":\"Organization\",\"@id\":\"https:\\\/\\\/olioantichemacine.com\\\/es\\\/#organization\",\"name\":\"Frantoio Antiche Macine\",\"url\":\"https:\\\/\\\/olioantichemacine.com\\\/es\\\/\",\"logo\":{\"@type\":\"ImageObject\",\"inLanguage\":\"es\",\"@id\":\"https:\\\/\\\/olioantichemacine.com\\\/es\\\/#\\\/schema\\\/logo\\\/image\\\/\",\"url\":\"https:\\\/\\\/olioantichemacine.com\\\/wp-content\\\/uploads\\\/2023\\\/09\\\/Antiche-Macine-Logo-1.webp\",\"contentUrl\":\"https:\\\/\\\/olioantichemacine.com\\\/wp-content\\\/uploads\\\/2023\\\/09\\\/Antiche-Macine-Logo-1.webp\",\"width\":500,\"height\":142,\"caption\":\"Frantoio Antiche Macine\"},\"image\":{\"@id\":\"https:\\\/\\\/olioantichemacine.com\\\/es\\\/#\\\/schema\\\/logo\\\/image\\\/\"},\"sameAs\":[\"https:\\\/\\\/www.facebook.com\\\/Frantoio-Le-Antiche-Macine-724043011013121\\\/\",\"https:\\\/\\\/www.instagram.com\\\/olioantichemacine\\\/\"]}]}<\/script>\n<!-- \/ Yoast SEO plugin. -->","yoast_head_json":{"title":"Productos - Frantoio Antiche Macine","description":"ACEITE EXTRA VIRGEN DE OLIVA Olio: Nuestro, tu aceite extra virgen de oliva Nuestro primer oro amarillo-verdoso producido en Alta Colina (650 mtrs.","robots":{"index":"index","follow":"follow","max-snippet":"max-snippet:-1","max-image-preview":"max-image-preview:large","max-video-preview":"max-video-preview:-1"},"canonical":"https:\/\/olioantichemacine.com\/es\/productos\/","og_locale":"es_ES","og_type":"article","og_title":"Productos - Frantoio Antiche Macine","og_description":"ACEITE EXTRA VIRGEN DE OLIVA Olio: Nuestro, tu aceite extra virgen de oliva Nuestro primer oro amarillo-verdoso producido en Alta Colina (650 mtrs.","og_url":"https:\/\/olioantichemacine.com\/es\/productos\/","og_site_name":"Frantoio Antiche Macine","article_publisher":"https:\/\/www.facebook.com\/Frantoio-Le-Antiche-Macine-724043011013121\/","article_modified_time":"2023-10-16T10:25:36+00:00","og_image":[{"url":"https:\/\/olioantichemacine.com\/wp-content\/uploads\/2023\/10\/Olio-Aromatizzato-Peperoncino.webp","type":"","width":"","height":""}],"twitter_card":"summary_large_image","twitter_misc":{"Tiempo de lectura":"2 minutos"},"schema":{"@context":"https:\/\/schema.org","@graph":[{"@type":"WebPage","@id":"https:\/\/olioantichemacine.com\/es\/productos\/","url":"https:\/\/olioantichemacine.com\/es\/productos\/","name":"Productos - Frantoio Antiche Macine","isPartOf":{"@id":"https:\/\/olioantichemacine.com\/es\/#website"},"primaryImageOfPage":{"@id":"https:\/\/olioantichemacine.com\/es\/productos\/#primaryimage"},"image":{"@id":"https:\/\/olioantichemacine.com\/es\/productos\/#primaryimage"},"thumbnailUrl":"https:\/\/olioantichemacine.com\/wp-content\/uploads\/2023\/10\/Olio-Aromatizzato-Peperoncino.webp","datePublished":"2023-09-28T11:04:30+00:00","dateModified":"2023-10-16T10:25:36+00:00","description":"ACEITE EXTRA VIRGEN DE OLIVA Olio: Nuestro, tu aceite extra virgen de oliva Nuestro primer oro amarillo-verdoso producido en Alta Colina (650 mtrs.","inLanguage":"es","potentialAction":[{"@type":"ReadAction","target":["https:\/\/olioantichemacine.com\/es\/productos\/"]}]},{"@type":"ImageObject","inLanguage":"es","@id":"https:\/\/olioantichemacine.com\/es\/productos\/#primaryimage","url":"https:\/\/olioantichemacine.com\/wp-content\/uploads\/2023\/10\/Olio-Aromatizzato-Peperoncino.webp","contentUrl":"https:\/\/olioantichemacine.com\/wp-content\/uploads\/2023\/10\/Olio-Aromatizzato-Peperoncino.webp"},{"@type":"WebSite","@id":"https:\/\/olioantichemacine.com\/es\/#website","url":"https:\/\/olioantichemacine.com\/es\/","name":"Frantoio Antiche Macine","description":"Olio extravergine di oliva","publisher":{"@id":"https:\/\/olioantichemacine.com\/es\/#organization"},"potentialAction":[{"@type":"SearchAction","target":{"@type":"EntryPoint","urlTemplate":"https:\/\/olioantichemacine.com\/es\/?s={search_term_string}"},"query-input":{"@type":"PropertyValueSpecification","valueRequired":true,"valueName":"search_term_string"}}],"inLanguage":"es"},{"@type":"Organization","@id":"https:\/\/olioantichemacine.com\/es\/#organization","name":"Frantoio Antiche Macine","url":"https:\/\/olioantichemacine.com\/es\/","logo":{"@type":"ImageObject","inLanguage":"es","@id":"https:\/\/olioantichemacine.com\/es\/#\/schema\/logo\/image\/","url":"https:\/\/olioantichemacine.com\/wp-content\/uploads\/2023\/09\/Antiche-Macine-Logo-1.webp","contentUrl":"https:\/\/olioantichemacine.com\/wp-content\/uploads\/2023\/09\/Antiche-Macine-Logo-1.webp","width":500,"height":142,"caption":"Frantoio Antiche Macine"},"image":{"@id":"https:\/\/olioantichemacine.com\/es\/#\/schema\/logo\/image\/"},"sameAs":["https:\/\/www.facebook.com\/Frantoio-Le-Antiche-Macine-724043011013121\/","https:\/\/www.instagram.com\/olioantichemacine\/"]}]}},"uagb_featured_image_src":{"full":false,"thumbnail":false,"medium":false,"medium_large":false,"large":false,"gs-tiny":false,"xl":false,"xxl":false,"xxxl":false,"xxxxl":false,"xxxxxl":false,"1536x1536":false,"2048x2048":false,"woocommerce_thumbnail":false,"woocommerce_single":false,"woocommerce_gallery_thumbnail":false,"variation_swatches_image_size":false,"variation_swatches_tooltip_size":false},"uagb_author_info":{"display_name":"admin","author_link":"https:\/\/olioantichemacine.com\/es\/author\/watermellon16_kinogs8i\/"},"uagb_comment_info":0,"uagb_excerpt":"ACEITE EXTRA VIRGEN DE OLIVA Olio: Nuestro, tu aceite extra virgen de oliva Nuestro primer oro amarillo-verdoso producido en Alta Colina (650 mtrs. s.n.m), recibe el nombre de \u201cOl\u00edo\u201d y cuenta la historia de la familia Oropallo, hecha de amor y cuidado por su tierra, de constante b\u00fasqueda y perseverancia en el propio trabajo. Todo&hellip;","jetpack_sharing_enabled":true,"_links":{"self":[{"href":"https:\/\/olioantichemacine.com\/es\/wp-json\/wp\/v2\/pages\/486","targetHints":{"allow":["GET"]}}],"collection":[{"href":"https:\/\/olioantichemacine.com\/es\/wp-json\/wp\/v2\/pages"}],"about":[{"href":"https:\/\/olioantichemacine.com\/es\/wp-json\/wp\/v2\/types\/page"}],"author":[{"embeddable":true,"href":"https:\/\/olioantichemacine.com\/es\/wp-json\/wp\/v2\/users\/1"}],"replies":[{"embeddable":true,"href":"https:\/\/olioantichemacine.com\/es\/wp-json\/wp\/v2\/comments?post=486"}],"version-history":[{"count":0,"href":"https:\/\/olioantichemacine.com\/es\/wp-json\/wp\/v2\/pages\/486\/revisions"}],"wp:attachment":[{"href":"https:\/\/olioantichemacine.com\/es\/wp-json\/wp\/v2\/media?parent=486"}],"curies":[{"name":"wp","href":"https:\/\/api.w.org\/{rel}","templated":true}]}}