{"id":1084,"date":"2023-09-28T12:47:39","date_gmt":"2023-09-28T10:47:39","guid":{"rendered":"https:\/\/olioantichemacine.com\/frantoiani-azienda\/"},"modified":"2026-05-14T10:38:33","modified_gmt":"2026-05-14T08:38:33","slug":"frantoiani-azienda","status":"publish","type":"page","link":"https:\/\/olioantichemacine.com\/fr\/frantoiani-azienda\/","title":{"rendered":"Le moulin \u00e0 huile"},"content":{"rendered":"\n<div class=\"wp-block-columns is-layout-flex wp-container-core-columns-is-layout-28f84493 wp-block-columns-is-layout-flex\">\n<div class=\"wp-block-column is-layout-flow wp-block-column-is-layout-flow\">\n<figure class=\"wp-block-image size-full\"><img loading=\"lazy\" decoding=\"async\" width=\"453\" height=\"500\" src=\"https:\/\/olioantichemacine.com\/wp-content\/uploads\/2023\/09\/Comp-1.webp\" alt=\"Il nostro frantoio\" class=\"wp-image-23\" srcset=\"https:\/\/olioantichemacine.com\/wp-content\/uploads\/2023\/09\/Comp-1.webp 453w, https:\/\/olioantichemacine.com\/wp-content\/uploads\/2023\/09\/Comp-1-272x300.webp 272w\" sizes=\"auto, (max-width: 453px) 100vw, 453px\" \/><\/figure>\n<\/div>\n\n\n\n<div class=\"wp-block-column is-layout-flow wp-block-column-is-layout-flow\">\n<h3 class=\"wp-block-heading\">LE MOULIN \u00c0 HUILE FAMILIAL<\/h3>\n\n\n\n<p><em>\u00ab Une histoire qui se transmet depuis trois g\u00e9n\u00e9rations \u00bb<\/em><\/p>\n\n\n\n<p>Le <strong>moulin \u00e0 huile Antiche Macine<\/strong> a vu le jour en <strong>1965<\/strong> sur les pentes du mont Taburno, au c\u0153ur du Sannio. Notre histoire de mouliniers remonte \u00e0 grand-p\u00e8re Carmine et \u00e0 son grand amour pour les oliviers. Cette passion s\u2019est donc transmise au fil des ans \u00e0 ses enfants et petits-enfants, qui en ont fait une <strong>v\u00e9ritable mission<\/strong>.<\/p>\n\n\n\n<p><strong>Depuis trois g\u00e9n\u00e9rations<\/strong>, nous nous consacrons avec passion \u00e0 la production d\u2019huile d\u2019olive. C\u2019est ainsi qu\u2019est n\u00e9 non seulement un produit gastronomique d\u2019excellence <strong>MADE IN ITALY<\/strong>, mais aussi un v\u00e9ritable \u00ab ambassadeur du go\u00fbt \u00bb. Notre huile, avec sa saveur incomparable, raconte une histoire faite d\u2019exp\u00e9rience, de tradition et d\u2019amour.<\/p>\n<\/div>\n<\/div>\n\n\n\n<div style=\"height:20px\" aria-hidden=\"true\" class=\"wp-block-spacer\"><\/div>\n\n\n\n<div class=\"wp-block-columns is-layout-flex wp-container-core-columns-is-layout-28f84493 wp-block-columns-is-layout-flex\">\n<div class=\"wp-block-column is-layout-flow wp-block-column-is-layout-flow\">\n<h3 class=\"wp-block-heading\">NOUS, NOTRE HISTOIRE<\/h3>\n\n\n\n<p><em>\u00ab L&#8217;huile : une tradition familiale qui allie valeurs, passion et avenir&#8230; \u00bb<\/em><\/p>\n\n\n\n<p>N\u00e9s pour la transformation \u00e0 fa\u00e7on, au fil du temps et tourn\u00e9s vers l&#8217;avenir, nous avons orient\u00e9 notre activit\u00e9 vers la production d&#8217;une huile d&#8217;<strong>olive extra vierge d&#8217;excellente<\/strong> qualit\u00e9 qui refl\u00e8te et raconte toutes les caract\u00e9ristiques du territoire o\u00f9 elle est produite. Nous obtenons ainsi une huile issue \u00e0 <strong>100 % d&#8217;olives locales<\/strong>, en suivant scrupuleusement chaque \u00e9tape du processus de production.<\/p>\n\n\n\n<p>Apr\u00e8s <strong>une s\u00e9lection rigoureuse<\/strong>, nos olives sont transform\u00e9es selon la m\u00e9thode classique <strong>de pressage \u00e0 froid dans un ancien moulin \u00e0 pierre<\/strong>, ce qui permet de pr\u00e9server intactes toutes leurs <strong>propri\u00e9t\u00e9s organoleptiques et physiques<\/strong>.<\/p>\n<\/div>\n\n\n\n<div class=\"wp-block-column is-layout-flow wp-block-column-is-layout-flow\">\n<figure class=\"wp-block-image size-full\"><img loading=\"lazy\" decoding=\"async\" width=\"334\" height=\"500\" src=\"https:\/\/olioantichemacine.com\/wp-content\/uploads\/2023\/09\/Bottigliaeolive.webp\" alt=\"\" class=\"wp-image-57\" srcset=\"https:\/\/olioantichemacine.com\/wp-content\/uploads\/2023\/09\/Bottigliaeolive.webp 334w, https:\/\/olioantichemacine.com\/wp-content\/uploads\/2023\/09\/Bottigliaeolive-200x300.webp 200w\" sizes=\"auto, (max-width: 334px) 100vw, 334px\" \/><\/figure>\n<\/div>\n<\/div>\n\n\n\n<div style=\"height:20px\" aria-hidden=\"true\" class=\"wp-block-spacer\"><\/div>\n\n\n\n<div class=\"wp-block-cover alignfull is-light has-parallax\" style=\"min-height:180px;aspect-ratio:unset;\"><div class=\"wp-block-cover__image-background wp-image-55 has-parallax\" style=\"background-position:50% 50%;background-image:url(https:\/\/olioantichemacine.com\/wp-content\/uploads\/2023\/09\/Olio-antiche-macine.webp)\"><\/div><span aria-hidden=\"true\" class=\"wp-block-cover__background has-background-dim-20 has-background-dim\"><\/span><div class=\"wp-block-cover__inner-container has-global-padding is-layout-constrained wp-block-cover-is-layout-constrained\">\n<p class=\"has-text-align-center has-large-font-size\"><\/p>\n<\/div><\/div>\n\n\n\n<div style=\"height:20px\" aria-hidden=\"true\" class=\"wp-block-spacer\"><\/div>\n\n\n\n<h3 class=\"wp-block-heading has-text-align-center\">VALEURS<\/h3>\n\n\n\n<p class=\"has-text-align-center\"><em>\u00ab C&#8217;est ce qui nous permet d&#8217;offrir \u00e0 ceux qui choisissent nos produits une v\u00e9ritable exp\u00e9rience gastronomique \u00bb<\/em><\/p>\n\n\n\n<div class=\"wp-block-columns is-layout-flex wp-container-core-columns-is-layout-28f84493 wp-block-columns-is-layout-flex\">\n<div class=\"wp-block-column is-layout-flow wp-block-column-is-layout-flow\">\n<figure class=\"wp-block-image aligncenter size-full\"><img loading=\"lazy\" decoding=\"async\" width=\"150\" height=\"150\" src=\"https:\/\/olioantichemacine.com\/wp-content\/uploads\/2023\/09\/Qualita.webp\" alt=\"\" class=\"wp-image-56\" srcset=\"https:\/\/olioantichemacine.com\/wp-content\/uploads\/2023\/09\/Qualita.webp 150w, https:\/\/olioantichemacine.com\/wp-content\/uploads\/2023\/09\/Qualita-100x100.webp 100w\" sizes=\"auto, (max-width: 150px) 100vw, 150px\" \/><\/figure>\n\n\n\n<h4 class=\"wp-block-heading has-text-align-center\">Qualit\u00e9<\/h4>\n\n\n\n<p>Nous s\u00e9lectionnons et choisissons uniquement les meilleures olives de nos oliveraies, en contr\u00f4lant l&#8217;ensemble du processus de production afin d&#8217;obtenir des huiles de grande qualit\u00e9, \u00e0 tr\u00e8s faible acidit\u00e9 et aux caract\u00e9ristiques organoleptiques incomparables.<\/p>\n<\/div>\n\n\n\n<div class=\"wp-block-column is-layout-flow wp-block-column-is-layout-flow\">\n<figure class=\"wp-block-image aligncenter size-full\"><img loading=\"lazy\" decoding=\"async\" width=\"150\" height=\"150\" src=\"https:\/\/olioantichemacine.com\/wp-content\/uploads\/2023\/09\/Innovazione.webp\" alt=\"\" class=\"wp-image-54\" srcset=\"https:\/\/olioantichemacine.com\/wp-content\/uploads\/2023\/09\/Innovazione.webp 150w, https:\/\/olioantichemacine.com\/wp-content\/uploads\/2023\/09\/Innovazione-100x100.webp 100w\" sizes=\"auto, (max-width: 150px) 100vw, 150px\" \/><\/figure>\n\n\n\n<h4 class=\"wp-block-heading has-text-align-center\">Innovation<\/h4>\n\n\n\n<p class=\"has-text-align-center\">Nous croyons en l&#8217;innovation technologique et y investissons afin d&#8217;am\u00e9liorer la qualit\u00e9 de nos produits, tout en restant fid\u00e8les aux valeurs de tradition, de passion et de qualit\u00e9 qui sont au c\u0153ur de notre philosophie de travail.<\/p>\n<\/div>\n<\/div>\n\n\n\n<div style=\"height:20px\" aria-hidden=\"true\" class=\"wp-block-spacer\"><\/div>\n","protected":false},"excerpt":{"rendered":"<p>LE MOULIN \u00c0 HUILE FAMILIAL \u00ab Une histoire qui se transmet depuis trois g\u00e9n\u00e9rations \u00bb Le moulin \u00e0 huile Antiche Macine a vu le jour en 1965 sur les pentes du mont Taburno, au c\u0153ur du Sannio. Notre histoire de mouliniers remonte \u00e0 grand-p\u00e8re Carmine et \u00e0 son grand amour pour les oliviers. Cette passion [&hellip;]<\/p>\n","protected":false},"author":1,"featured_media":0,"parent":0,"menu_order":0,"comment_status":"closed","ping_status":"closed","template":"","meta":{"_uag_custom_page_level_css":"","_joinchat":[],"footnotes":""},"class_list":["post-1084","page","type-page","status-publish","hentry"],"yoast_head":"<!-- This site is optimized with the Yoast SEO plugin v27.6 - https:\/\/yoast.com\/product\/yoast-seo-wordpress\/ -->\n<title>Moulins \u00e0 huile depuis 1965 - Huile d&#039;olive extra vierge - Moulin \u00e0 huile Frantoio Antiche Macine<\/title>\n<meta name=\"description\" content=\"Moulins \u00e0 huile depuis 1965... Depuis plus de 50 ans, le moulin Antiche Macine se consacre \u00e0 la culture et \u00e0 la production d&#039;huile d&#039;olive extra vierge.\" \/>\n<meta name=\"robots\" content=\"index, follow, max-snippet:-1, max-image-preview:large, max-video-preview:-1\" \/>\n<link rel=\"canonical\" href=\"https:\/\/olioantichemacine.com\/fr\/frantoiani-azienda\/\" \/>\n<meta property=\"og:locale\" content=\"fr_FR\" \/>\n<meta property=\"og:type\" content=\"article\" \/>\n<meta property=\"og:title\" content=\"Moulins \u00e0 huile depuis 1965 - Huile d&#039;olive extra vierge - Moulin \u00e0 huile Frantoio Antiche Macine\" \/>\n<meta property=\"og:description\" content=\"Moulins \u00e0 huile depuis 1965... Depuis plus de 50 ans, le moulin Antiche Macine se consacre \u00e0 la culture et \u00e0 la production d&#039;huile d&#039;olive extra vierge.\" \/>\n<meta property=\"og:url\" content=\"https:\/\/olioantichemacine.com\/fr\/frantoiani-azienda\/\" \/>\n<meta property=\"og:site_name\" content=\"Frantoio Antiche Macine\" \/>\n<meta property=\"article:publisher\" content=\"https:\/\/www.facebook.com\/Frantoio-Le-Antiche-Macine-724043011013121\/\" \/>\n<meta property=\"article:modified_time\" content=\"2026-05-14T08:38:33+00:00\" \/>\n<meta property=\"og:image\" content=\"https:\/\/olioantichemacine.com\/wp-content\/uploads\/2023\/09\/Comp-1.webp\" \/>\n\t<meta property=\"og:image:width\" content=\"453\" \/>\n\t<meta property=\"og:image:height\" content=\"500\" \/>\n\t<meta property=\"og:image:type\" content=\"image\/webp\" \/>\n<meta name=\"twitter:card\" content=\"summary_large_image\" \/>\n<meta name=\"twitter:label1\" content=\"Dur\u00e9e de lecture estim\u00e9e\" \/>\n\t<meta name=\"twitter:data1\" content=\"3 minutes\" \/>\n<script type=\"application\/ld+json\" class=\"yoast-schema-graph\">{\"@context\":\"https:\\\/\\\/schema.org\",\"@graph\":[{\"@type\":\"WebPage\",\"@id\":\"https:\\\/\\\/olioantichemacine.com\\\/fr\\\/frantoiani-azienda\\\/\",\"url\":\"https:\\\/\\\/olioantichemacine.com\\\/fr\\\/frantoiani-azienda\\\/\",\"name\":\"Moulins \u00e0 huile depuis 1965 - Huile d'olive extra vierge - Moulin \u00e0 huile Frantoio Antiche Macine\",\"isPartOf\":{\"@id\":\"https:\\\/\\\/olioantichemacine.com\\\/fr\\\/#website\"},\"primaryImageOfPage\":{\"@id\":\"https:\\\/\\\/olioantichemacine.com\\\/fr\\\/frantoiani-azienda\\\/#primaryimage\"},\"image\":{\"@id\":\"https:\\\/\\\/olioantichemacine.com\\\/fr\\\/frantoiani-azienda\\\/#primaryimage\"},\"thumbnailUrl\":\"https:\\\/\\\/olioantichemacine.com\\\/wp-content\\\/uploads\\\/2023\\\/09\\\/Comp-1.webp\",\"datePublished\":\"2023-09-28T10:47:39+00:00\",\"dateModified\":\"2026-05-14T08:38:33+00:00\",\"description\":\"Moulins \u00e0 huile depuis 1965... Depuis plus de 50 ans, le moulin Antiche Macine se consacre \u00e0 la culture et \u00e0 la production d'huile d'olive extra vierge.\",\"inLanguage\":\"fr-FR\",\"potentialAction\":[{\"@type\":\"ReadAction\",\"target\":[\"https:\\\/\\\/olioantichemacine.com\\\/fr\\\/frantoiani-azienda\\\/\"]}]},{\"@type\":\"ImageObject\",\"inLanguage\":\"fr-FR\",\"@id\":\"https:\\\/\\\/olioantichemacine.com\\\/fr\\\/frantoiani-azienda\\\/#primaryimage\",\"url\":\"https:\\\/\\\/olioantichemacine.com\\\/wp-content\\\/uploads\\\/2023\\\/09\\\/Comp-1.webp\",\"contentUrl\":\"https:\\\/\\\/olioantichemacine.com\\\/wp-content\\\/uploads\\\/2023\\\/09\\\/Comp-1.webp\"},{\"@type\":\"WebSite\",\"@id\":\"https:\\\/\\\/olioantichemacine.com\\\/fr\\\/#website\",\"url\":\"https:\\\/\\\/olioantichemacine.com\\\/fr\\\/\",\"name\":\"Frantoio Antiche Macine\",\"description\":\"Olio extravergine di oliva\",\"publisher\":{\"@id\":\"https:\\\/\\\/olioantichemacine.com\\\/fr\\\/#organization\"},\"potentialAction\":[{\"@type\":\"SearchAction\",\"target\":{\"@type\":\"EntryPoint\",\"urlTemplate\":\"https:\\\/\\\/olioantichemacine.com\\\/fr\\\/?s={search_term_string}\"},\"query-input\":{\"@type\":\"PropertyValueSpecification\",\"valueRequired\":true,\"valueName\":\"search_term_string\"}}],\"inLanguage\":\"fr-FR\"},{\"@type\":\"Organization\",\"@id\":\"https:\\\/\\\/olioantichemacine.com\\\/fr\\\/#organization\",\"name\":\"Frantoio Antiche Macine\",\"url\":\"https:\\\/\\\/olioantichemacine.com\\\/fr\\\/\",\"logo\":{\"@type\":\"ImageObject\",\"inLanguage\":\"fr-FR\",\"@id\":\"https:\\\/\\\/olioantichemacine.com\\\/fr\\\/#\\\/schema\\\/logo\\\/image\\\/\",\"url\":\"https:\\\/\\\/olioantichemacine.com\\\/wp-content\\\/uploads\\\/2023\\\/09\\\/Antiche-Macine-Logo-1.webp\",\"contentUrl\":\"https:\\\/\\\/olioantichemacine.com\\\/wp-content\\\/uploads\\\/2023\\\/09\\\/Antiche-Macine-Logo-1.webp\",\"width\":500,\"height\":142,\"caption\":\"Frantoio Antiche Macine\"},\"image\":{\"@id\":\"https:\\\/\\\/olioantichemacine.com\\\/fr\\\/#\\\/schema\\\/logo\\\/image\\\/\"},\"sameAs\":[\"https:\\\/\\\/www.facebook.com\\\/Frantoio-Le-Antiche-Macine-724043011013121\\\/\",\"https:\\\/\\\/www.instagram.com\\\/olioantichemacine\\\/\"]}]}<\/script>\n<!-- \/ Yoast SEO plugin. -->","yoast_head_json":{"title":"Moulins \u00e0 huile depuis 1965 - Huile d'olive extra vierge - Moulin \u00e0 huile Frantoio Antiche Macine","description":"Moulins \u00e0 huile depuis 1965... Depuis plus de 50 ans, le moulin Antiche Macine se consacre \u00e0 la culture et \u00e0 la production d'huile d'olive extra vierge.","robots":{"index":"index","follow":"follow","max-snippet":"max-snippet:-1","max-image-preview":"max-image-preview:large","max-video-preview":"max-video-preview:-1"},"canonical":"https:\/\/olioantichemacine.com\/fr\/frantoiani-azienda\/","og_locale":"fr_FR","og_type":"article","og_title":"Moulins \u00e0 huile depuis 1965 - Huile d'olive extra vierge - Moulin \u00e0 huile Frantoio Antiche Macine","og_description":"Moulins \u00e0 huile depuis 1965... Depuis plus de 50 ans, le moulin Antiche Macine se consacre \u00e0 la culture et \u00e0 la production d'huile d'olive extra vierge.","og_url":"https:\/\/olioantichemacine.com\/fr\/frantoiani-azienda\/","og_site_name":"Frantoio Antiche Macine","article_publisher":"https:\/\/www.facebook.com\/Frantoio-Le-Antiche-Macine-724043011013121\/","article_modified_time":"2026-05-14T08:38:33+00:00","og_image":[{"width":453,"height":500,"url":"https:\/\/olioantichemacine.com\/wp-content\/uploads\/2023\/09\/Comp-1.webp","type":"image\/webp"}],"twitter_card":"summary_large_image","twitter_misc":{"Dur\u00e9e de lecture estim\u00e9e":"3 minutes"},"schema":{"@context":"https:\/\/schema.org","@graph":[{"@type":"WebPage","@id":"https:\/\/olioantichemacine.com\/fr\/frantoiani-azienda\/","url":"https:\/\/olioantichemacine.com\/fr\/frantoiani-azienda\/","name":"Moulins \u00e0 huile depuis 1965 - Huile d'olive extra vierge - Moulin \u00e0 huile Frantoio Antiche Macine","isPartOf":{"@id":"https:\/\/olioantichemacine.com\/fr\/#website"},"primaryImageOfPage":{"@id":"https:\/\/olioantichemacine.com\/fr\/frantoiani-azienda\/#primaryimage"},"image":{"@id":"https:\/\/olioantichemacine.com\/fr\/frantoiani-azienda\/#primaryimage"},"thumbnailUrl":"https:\/\/olioantichemacine.com\/wp-content\/uploads\/2023\/09\/Comp-1.webp","datePublished":"2023-09-28T10:47:39+00:00","dateModified":"2026-05-14T08:38:33+00:00","description":"Moulins \u00e0 huile depuis 1965... Depuis plus de 50 ans, le moulin Antiche Macine se consacre \u00e0 la culture et \u00e0 la production d'huile d'olive extra vierge.","inLanguage":"fr-FR","potentialAction":[{"@type":"ReadAction","target":["https:\/\/olioantichemacine.com\/fr\/frantoiani-azienda\/"]}]},{"@type":"ImageObject","inLanguage":"fr-FR","@id":"https:\/\/olioantichemacine.com\/fr\/frantoiani-azienda\/#primaryimage","url":"https:\/\/olioantichemacine.com\/wp-content\/uploads\/2023\/09\/Comp-1.webp","contentUrl":"https:\/\/olioantichemacine.com\/wp-content\/uploads\/2023\/09\/Comp-1.webp"},{"@type":"WebSite","@id":"https:\/\/olioantichemacine.com\/fr\/#website","url":"https:\/\/olioantichemacine.com\/fr\/","name":"Frantoio Antiche Macine","description":"Olio extravergine di oliva","publisher":{"@id":"https:\/\/olioantichemacine.com\/fr\/#organization"},"potentialAction":[{"@type":"SearchAction","target":{"@type":"EntryPoint","urlTemplate":"https:\/\/olioantichemacine.com\/fr\/?s={search_term_string}"},"query-input":{"@type":"PropertyValueSpecification","valueRequired":true,"valueName":"search_term_string"}}],"inLanguage":"fr-FR"},{"@type":"Organization","@id":"https:\/\/olioantichemacine.com\/fr\/#organization","name":"Frantoio Antiche Macine","url":"https:\/\/olioantichemacine.com\/fr\/","logo":{"@type":"ImageObject","inLanguage":"fr-FR","@id":"https:\/\/olioantichemacine.com\/fr\/#\/schema\/logo\/image\/","url":"https:\/\/olioantichemacine.com\/wp-content\/uploads\/2023\/09\/Antiche-Macine-Logo-1.webp","contentUrl":"https:\/\/olioantichemacine.com\/wp-content\/uploads\/2023\/09\/Antiche-Macine-Logo-1.webp","width":500,"height":142,"caption":"Frantoio Antiche Macine"},"image":{"@id":"https:\/\/olioantichemacine.com\/fr\/#\/schema\/logo\/image\/"},"sameAs":["https:\/\/www.facebook.com\/Frantoio-Le-Antiche-Macine-724043011013121\/","https:\/\/www.instagram.com\/olioantichemacine\/"]}]}},"uagb_featured_image_src":{"full":false,"thumbnail":false,"medium":false,"medium_large":false,"large":false,"gs-tiny":false,"xl":false,"xxl":false,"xxxl":false,"xxxxl":false,"xxxxxl":false,"1536x1536":false,"2048x2048":false,"woocommerce_thumbnail":false,"woocommerce_single":false,"woocommerce_gallery_thumbnail":false,"variation_swatches_image_size":false,"variation_swatches_tooltip_size":false},"uagb_author_info":{"display_name":"admin","author_link":"https:\/\/olioantichemacine.com\/fr\/author\/watermellon16_kinogs8i\/"},"uagb_comment_info":0,"uagb_excerpt":"LE MOULIN \u00c0 HUILE FAMILIAL \u00ab Une histoire qui se transmet depuis trois g\u00e9n\u00e9rations \u00bb Le moulin \u00e0 huile Antiche Macine a vu le jour en 1965 sur les pentes du mont Taburno, au c\u0153ur du Sannio. Notre histoire de mouliniers remonte \u00e0 grand-p\u00e8re Carmine et \u00e0 son grand amour pour les oliviers. Cette passion\u2026","jetpack_sharing_enabled":true,"_links":{"self":[{"href":"https:\/\/olioantichemacine.com\/fr\/wp-json\/wp\/v2\/pages\/1084","targetHints":{"allow":["GET"]}}],"collection":[{"href":"https:\/\/olioantichemacine.com\/fr\/wp-json\/wp\/v2\/pages"}],"about":[{"href":"https:\/\/olioantichemacine.com\/fr\/wp-json\/wp\/v2\/types\/page"}],"author":[{"embeddable":true,"href":"https:\/\/olioantichemacine.com\/fr\/wp-json\/wp\/v2\/users\/1"}],"replies":[{"embeddable":true,"href":"https:\/\/olioantichemacine.com\/fr\/wp-json\/wp\/v2\/comments?post=1084"}],"version-history":[{"count":1,"href":"https:\/\/olioantichemacine.com\/fr\/wp-json\/wp\/v2\/pages\/1084\/revisions"}],"predecessor-version":[{"id":1086,"href":"https:\/\/olioantichemacine.com\/fr\/wp-json\/wp\/v2\/pages\/1084\/revisions\/1086"}],"wp:attachment":[{"href":"https:\/\/olioantichemacine.com\/fr\/wp-json\/wp\/v2\/media?parent=1084"}],"curies":[{"name":"wp","href":"https:\/\/api.w.org\/{rel}","templated":true}]}}