{"id":1087,"date":"2023-09-28T13:12:37","date_gmt":"2023-09-28T11:12:37","guid":{"rendered":"https:\/\/olioantichemacine.com\/eventi\/"},"modified":"2026-05-14T10:42:31","modified_gmt":"2026-05-14T08:42:31","slug":"eventi","status":"publish","type":"page","link":"https:\/\/olioantichemacine.com\/fr\/eventi\/","title":{"rendered":"\u00c9v\u00e9nements"},"content":{"rendered":"\n<div class=\"wp-block-columns alignwide is-layout-flex wp-container-core-columns-is-layout-b0bab6eb wp-block-columns-is-layout-flex\" style=\"margin-top:var(--wp--preset--spacing--40);margin-bottom:var(--wp--preset--spacing--40)\">\n<div class=\"wp-block-column is-layout-flow wp-block-column-is-layout-flow\">\n<figure class=\"wp-block-image size-full\"><img loading=\"lazy\" decoding=\"async\" width=\"601\" height=\"400\" src=\"https:\/\/olioantichemacine.com\/wp-content\/uploads\/2023\/10\/Idea-bomboniera.webp\" alt=\"\" class=\"wp-image-188\" srcset=\"https:\/\/olioantichemacine.com\/wp-content\/uploads\/2023\/10\/Idea-bomboniera.webp 601w, https:\/\/olioantichemacine.com\/wp-content\/uploads\/2023\/10\/Idea-bomboniera-300x200.webp 300w\" sizes=\"auto, (max-width: 601px) 100vw, 601px\" \/><\/figure>\n<\/div>\n\n\n\n<div class=\"wp-block-column is-layout-flow wp-block-column-is-layout-flow\">\n<h3 class=\"wp-block-heading has-text-align-left\">MEULES ANCIENNES POUR VOTRE \u00c9V\u00c9NEMENT<\/h3>\n\n\n\n<p class=\"has-text-align-left\"><em>\u00c9patez vos invit\u00e9s avec un cadeau exclusif !<\/em><\/p>\n\n\n\n<p><strong>Antiche Macine<\/strong> vous propose, pour votre \u00e9v\u00e9nement ou votre c\u00e9r\u00e9monie, un cadeau raffin\u00e9 et savoureux \u00e0 offrir \u00e0 tous vos invit\u00e9s, en souvenir de ce moment sp\u00e9cial.<\/p>\n\n\n\n<p>Les \u00e9l\u00e9gants flacons de 30 ml et les petites bouteilles de 100 ml contenant nos huiles aromatis\u00e9es au citron et au piment, personnalisables selon vos go\u00fbts, sauront embellir la table de votre \u00e9v\u00e9nement et enrichir votre journ\u00e9e de f\u00eate avec go\u00fbt et originalit\u00e9.<\/p>\n<\/div>\n<\/div>\n\n\n\n<div class=\"wp-block-columns alignwide is-layout-flex wp-container-core-columns-is-layout-b0bab6eb wp-block-columns-is-layout-flex\" style=\"margin-top:var(--wp--preset--spacing--40);margin-bottom:var(--wp--preset--spacing--40)\">\n<div class=\"wp-block-column is-layout-flow wp-block-column-is-layout-flow\">\n<h3 class=\"wp-block-heading has-text-align-left\">FAITES DE VOTRE F\u00caTE UN MOMENT INOUBLIABLE<\/h3>\n\n\n\n<p class=\"has-text-align-left\"><em>Optez pour la qualit\u00e9 de notre huile d&#8217;olive extra vierge<\/em><\/p>\n\n\n\n<p>Pour votre grand jour, <strong>Antiche Macine<\/strong> vous propose une id\u00e9e d\u00e9licieuse et raffin\u00e9e, bien loin des traditionnels et ennuyeux cadeaux de mariage, qui raconte l&#8217;histoire de notre terroir et la passion de la <strong>famille Oropallo<\/strong>.<\/p>\n\n\n\n<p>La qualit\u00e9 et le go\u00fbt de l&#8217;huile d&#8217;olive extra vierge s&#8217;allient au design et au raffinement d&#8217;un emballage exclusif : un coffret cadeau <strong>100 % recyclable et personnalisable<\/strong> avec les noms des mari\u00e9s et la date de l&#8217;heureux \u00e9v\u00e9nement. Un <strong>cadeau de bon go\u00fbt<\/strong> adapt\u00e9 \u00e0 toutes les occasions : bapt\u00eames, confirmations, remises de dipl\u00f4mes et bien d&#8217;autres \u00e9v\u00e9nements o\u00f9 l&#8217;on souhaite laisser \u00e0 ses amis et \u00e0 sa famille un agr\u00e9able souvenir d&#8217;<strong>un moment de joie partag\u00e9<\/strong>.<\/p>\n<\/div>\n\n\n\n<div class=\"wp-block-column is-layout-flow wp-block-column-is-layout-flow\">\n<figure class=\"wp-block-image size-full\"><img loading=\"lazy\" decoding=\"async\" width=\"600\" height=\"400\" src=\"https:\/\/olioantichemacine.com\/wp-content\/uploads\/2023\/10\/Personalizza-la-tua-gift.webp\" alt=\"\" class=\"wp-image-189\" srcset=\"https:\/\/olioantichemacine.com\/wp-content\/uploads\/2023\/10\/Personalizza-la-tua-gift.webp 600w, https:\/\/olioantichemacine.com\/wp-content\/uploads\/2023\/10\/Personalizza-la-tua-gift-300x200.webp 300w\" sizes=\"auto, (max-width: 600px) 100vw, 600px\" \/><\/figure>\n<\/div>\n<\/div>\n\n\n\n<div class=\"wp-block-cover alignfull is-light has-parallax\" style=\"min-height:190px;aspect-ratio:unset;\"><div class=\"wp-block-cover__image-background wp-image-133 has-parallax\" style=\"background-position:50% 50%;background-image:url(https:\/\/olioantichemacine.com\/wp-content\/uploads\/2023\/09\/Eventi-parallax.webp)\"><\/div><span aria-hidden=\"true\" class=\"wp-block-cover__background has-background-dim-20 has-background-dim\"><\/span><div class=\"wp-block-cover__inner-container has-global-padding is-layout-constrained wp-block-cover-is-layout-constrained\">\n<p class=\"has-text-align-center has-large-font-size\"><\/p>\n<\/div><\/div>\n\n\n\n<div style=\"height:20px\" aria-hidden=\"true\" class=\"wp-block-spacer\"><\/div>\n\n\n\n<div class=\"wp-block-columns is-layout-flex wp-container-core-columns-is-layout-28f84493 wp-block-columns-is-layout-flex\">\n<div class=\"wp-block-column is-layout-flow wp-block-column-is-layout-flow\">\n<h3 class=\"wp-block-heading has-text-align-left\">\u00c9CRIVEZ-NOUS POUR D\u00c9COUVRIR L&#8217;OFFRE ADAPT\u00c9E \u00c0 VOTRE \u00c9V\u00c9NEMENT !<\/h3>\n\n\n\n<p class=\"has-text-align-left\"><em>Pour votre c\u00e9r\u00e9monie ou votre f\u00eate, optez pour les d\u00e9licieux cadeaux Antiche Macine et offrez \u00e0 vos invit\u00e9s un souvenir unique !<\/em><\/p>\n\n\n\n<p><em>Faites-nous part de vos besoins et de tous les d\u00e9tails de cette journ\u00e9e sp\u00e9ciale ; notre \u00e9quipe vous contactera rapidement pour vous proposer la solution la mieux adapt\u00e9e \u00e0 votre demande.<\/em><\/p>\n\n\n\n<div style=\"height:30px\" aria-hidden=\"true\" class=\"wp-block-spacer\"><\/div>\n\n\n\n<h4 class=\"wp-block-heading\" style=\"margin-top:0;margin-bottom:0;padding-top:0;padding-bottom:0;font-size:clamp(14px, 0.875rem + ((1vw - 3.2px) * 0.408), 18px);\">Adresse<\/h4>\n\n\n\n<p style=\"margin-top:10px;margin-bottom:10px;padding-top:0;padding-bottom:0\">Via San Sebastiano 2<br>82010 Moiano, Benevento<\/p>\n\n\n\n<div style=\"height:30px\" aria-hidden=\"true\" class=\"wp-block-spacer\"><\/div>\n\n\n\n<h4 class=\"wp-block-heading\" style=\"margin-top:0;margin-bottom:0;padding-top:0;padding-bottom:0;font-size:clamp(14px, 0.875rem + ((1vw - 3.2px) * 0.408), 18px);\">E-mail<\/h4>\n\n\n\n<p style=\"margin-top:10px;margin-bottom:10px;padding-top:0;padding-bottom:0\"><a href=\"mailto:info@olioantichemacine.com\">info@olioantichemacine.com<\/a><\/p>\n\n\n\n<div style=\"height:30px\" aria-hidden=\"true\" class=\"wp-block-spacer\"><\/div>\n\n\n\n<h4 class=\"wp-block-heading\" style=\"margin-top:0;margin-bottom:0;padding-top:0;padding-bottom:0;font-size:clamp(14px, 0.875rem + ((1vw - 3.2px) * 0.408), 18px);\">T\u00e9l\u00e9phone<\/h4>\n\n\n\n<p style=\"margin-top:10px;margin-bottom:10px;padding-top:0;padding-bottom:0\"><a href=\"http:\/\/+390823713102\">+390823713102<\/a><\/p>\n\n\n\n<div style=\"height:30px\" aria-hidden=\"true\" class=\"wp-block-spacer\"><\/div>\n\n\n\n<h4 class=\"wp-block-heading\" style=\"margin-top:0;margin-bottom:0;padding-top:0;padding-bottom:0;font-size:clamp(14px, 0.875rem + ((1vw - 3.2px) * 0.408), 18px);\">WhatsApp<\/h4>\n\n\n\n<p style=\"margin-top:10px;margin-bottom:10px;padding-top:0;padding-bottom:0\"><a href=\"https:\/\/api.whatsapp.com\/send?phone=393209087427\" target=\"_blank\" rel=\"noreferrer noopener\">Invia un messaggio<\/a><\/p>\n\n\n\n<div style=\"height:30px\" aria-hidden=\"true\" class=\"wp-block-spacer\"><\/div>\n\n\n\n<h4 class=\"wp-block-heading\" style=\"margin-top:0;margin-bottom:0;padding-top:0;padding-bottom:0;font-size:clamp(14px, 0.875rem + ((1vw - 3.2px) * 0.408), 18px);\">R\u00e9seaux sociaux<\/h4>\n\n\n\n<ul class=\"wp-block-social-links has-icon-color is-style-logos-only is-layout-flex wp-block-social-links-is-layout-flex\"><li style=\"color:#9c9c9b;\" class=\"wp-social-link wp-social-link-facebook has-secondary-color wp-block-social-link\"><a href=\"https:\/\/www.facebook.com\/Frantoio-Le-Antiche-Macine-724043011013121\/\" class=\"wp-block-social-link-anchor\"><svg width=\"24\" height=\"24\" viewBox=\"0 0 24 24\" version=\"1.1\" xmlns=\"http:\/\/www.w3.org\/2000\/svg\" aria-hidden=\"true\" focusable=\"false\"><path d=\"M12 2C6.5 2 2 6.5 2 12c0 5 3.7 9.1 8.4 9.9v-7H7.9V12h2.5V9.8c0-2.5 1.5-3.9 3.8-3.9 1.1 0 2.2.2 2.2.2v2.5h-1.3c-1.2 0-1.6.8-1.6 1.6V12h2.8l-.4 2.9h-2.3v7C18.3 21.1 22 17 22 12c0-5.5-4.5-10-10-10z\"><\/path><\/svg><span class=\"wp-block-social-link-label screen-reader-text\">Facebook<\/span><\/a><\/li>\n\n<li style=\"color:#9c9c9b;\" class=\"wp-social-link wp-social-link-instagram has-secondary-color wp-block-social-link\"><a href=\"https:\/\/www.instagram.com\/olioantichemacine\/\" class=\"wp-block-social-link-anchor\"><svg width=\"24\" height=\"24\" viewBox=\"0 0 24 24\" version=\"1.1\" xmlns=\"http:\/\/www.w3.org\/2000\/svg\" aria-hidden=\"true\" focusable=\"false\"><path d=\"M12,4.622c2.403,0,2.688,0.009,3.637,0.052c0.877,0.04,1.354,0.187,1.671,0.31c0.42,0.163,0.72,0.358,1.035,0.673 c0.315,0.315,0.51,0.615,0.673,1.035c0.123,0.317,0.27,0.794,0.31,1.671c0.043,0.949,0.052,1.234,0.052,3.637 s-0.009,2.688-0.052,3.637c-0.04,0.877-0.187,1.354-0.31,1.671c-0.163,0.42-0.358,0.72-0.673,1.035 c-0.315,0.315-0.615,0.51-1.035,0.673c-0.317,0.123-0.794,0.27-1.671,0.31c-0.949,0.043-1.233,0.052-3.637,0.052 s-2.688-0.009-3.637-0.052c-0.877-0.04-1.354-0.187-1.671-0.31c-0.42-0.163-0.72-0.358-1.035-0.673 c-0.315-0.315-0.51-0.615-0.673-1.035c-0.123-0.317-0.27-0.794-0.31-1.671C4.631,14.688,4.622,14.403,4.622,12 s0.009-2.688,0.052-3.637c0.04-0.877,0.187-1.354,0.31-1.671c0.163-0.42,0.358-0.72,0.673-1.035 c0.315-0.315,0.615-0.51,1.035-0.673c0.317-0.123,0.794-0.27,1.671-0.31C9.312,4.631,9.597,4.622,12,4.622 M12,3 C9.556,3,9.249,3.01,8.289,3.054C7.331,3.098,6.677,3.25,6.105,3.472C5.513,3.702,5.011,4.01,4.511,4.511 c-0.5,0.5-0.808,1.002-1.038,1.594C3.25,6.677,3.098,7.331,3.054,8.289C3.01,9.249,3,9.556,3,12c0,2.444,0.01,2.751,0.054,3.711 c0.044,0.958,0.196,1.612,0.418,2.185c0.23,0.592,0.538,1.094,1.038,1.594c0.5,0.5,1.002,0.808,1.594,1.038 c0.572,0.222,1.227,0.375,2.185,0.418C9.249,20.99,9.556,21,12,21s2.751-0.01,3.711-0.054c0.958-0.044,1.612-0.196,2.185-0.418 c0.592-0.23,1.094-0.538,1.594-1.038c0.5-0.5,0.808-1.002,1.038-1.594c0.222-0.572,0.375-1.227,0.418-2.185 C20.99,14.751,21,14.444,21,12s-0.01-2.751-0.054-3.711c-0.044-0.958-0.196-1.612-0.418-2.185c-0.23-0.592-0.538-1.094-1.038-1.594 c-0.5-0.5-1.002-0.808-1.594-1.038c-0.572-0.222-1.227-0.375-2.185-0.418C14.751,3.01,14.444,3,12,3L12,3z M12,7.378 c-2.552,0-4.622,2.069-4.622,4.622S9.448,16.622,12,16.622s4.622-2.069,4.622-4.622S14.552,7.378,12,7.378z M12,15 c-1.657,0-3-1.343-3-3s1.343-3,3-3s3,1.343,3,3S13.657,15,12,15z M16.804,6.116c-0.596,0-1.08,0.484-1.08,1.08 s0.484,1.08,1.08,1.08c0.596,0,1.08-0.484,1.08-1.08S17.401,6.116,16.804,6.116z\"><\/path><\/svg><span class=\"wp-block-social-link-label screen-reader-text\">Instagram<\/span><\/a><\/li><\/ul>\n\n\n\n<div style=\"height:20px\" aria-hidden=\"true\" class=\"wp-block-spacer\"><\/div>\n<\/div>\n\n\n\n<div class=\"wp-block-column is-layout-flow wp-block-column-is-layout-flow\">\n<div class=\"wp-block-contact-form-7-contact-form-selector\">\n<div class=\"wpcf7 no-js\" id=\"wpcf7-f1081-o1\" lang=\"fr-FR\" dir=\"ltr\" data-wpcf7-id=\"1081\">\n<div class=\"screen-reader-response\"><p role=\"status\" aria-live=\"polite\" aria-atomic=\"true\"><\/p> <ul><\/ul><\/div>\n<form action=\"\/fr\/wp-json\/wp\/v2\/pages\/1087#wpcf7-f1081-o1\" method=\"post\" class=\"wpcf7-form init custom-form\" aria-label=\"Formulaire de contact\" novalidate=\"novalidate\" data-status=\"init\">\n<fieldset class=\"hidden-fields-container\"><input type=\"hidden\" name=\"_wpcf7\" value=\"1081\" \/><input type=\"hidden\" name=\"_wpcf7_version\" value=\"6.1.5\" \/><input type=\"hidden\" name=\"_wpcf7_locale\" value=\"fr_FR\" \/><input type=\"hidden\" name=\"_wpcf7_unit_tag\" value=\"wpcf7-f1081-o1\" \/><input type=\"hidden\" name=\"_wpcf7_container_post\" value=\"0\" \/><input type=\"hidden\" name=\"_wpcf7_posted_data_hash\" value=\"\" \/><input type=\"hidden\" name=\"_wpcf7_recaptcha_response\" value=\"\" \/>\n<\/fieldset>\n<p><label> Votre nom<br \/>\n<span class=\"wpcf7-form-control-wrap\" data-name=\"your-name\"><input size=\"40\" maxlength=\"400\" class=\"wpcf7-form-control wpcf7-text wpcf7-validates-as-required\" autocomplete=\"name\" aria-required=\"true\" aria-invalid=\"false\" value=\"\" type=\"text\" name=\"your-name\" \/><\/span> <\/label>\n<\/p>\n<p><label> Votre adresse e-mail<br \/>\n<span class=\"wpcf7-form-control-wrap\" data-name=\"your-email\"><input size=\"40\" maxlength=\"400\" class=\"wpcf7-form-control wpcf7-email wpcf7-validates-as-required wpcf7-text wpcf7-validates-as-email\" autocomplete=\"email\" aria-required=\"true\" aria-invalid=\"false\" value=\"\" type=\"email\" name=\"your-email\" \/><\/span> <\/label>\n<\/p>\n<p><label> Objet<br \/>\n<span class=\"wpcf7-form-control-wrap\" data-name=\"your-subject\"><input size=\"40\" maxlength=\"400\" class=\"wpcf7-form-control wpcf7-text wpcf7-validates-as-required\" aria-required=\"true\" aria-invalid=\"false\" value=\"\" type=\"text\" name=\"your-subject\" \/><\/span> <\/label>\n<\/p>\n<p><label> Votre message (facultatif)<br \/>\n<span class=\"wpcf7-form-control-wrap\" data-name=\"your-message\"><textarea cols=\"40\" rows=\"10\" maxlength=\"2000\" class=\"wpcf7-form-control wpcf7-textarea\" aria-invalid=\"false\" name=\"your-message\"><\/textarea><\/span> <\/label>\n<\/p>\n<p><input class=\"wpcf7-form-control wpcf7-submit has-spinner\" type=\"submit\" value=\"Envoyer le message\" \/>\n<\/p><div class=\"wpcf7-response-output\" aria-hidden=\"true\"><\/div>\n<\/form>\n<\/div>\n<\/div>\n<\/div>\n<\/div>\n","protected":false},"excerpt":{"rendered":"<p>MEULES ANCIENNES POUR VOTRE \u00c9V\u00c9NEMENT \u00c9patez vos invit\u00e9s avec un cadeau exclusif ! Antiche Macine vous propose, pour votre \u00e9v\u00e9nement ou votre c\u00e9r\u00e9monie, un cadeau raffin\u00e9 et savoureux \u00e0 offrir \u00e0 tous vos invit\u00e9s, en souvenir de ce moment sp\u00e9cial. Les \u00e9l\u00e9gants flacons de 30 ml et les petites bouteilles de 100 ml contenant nos [&hellip;]<\/p>\n","protected":false},"author":1,"featured_media":0,"parent":0,"menu_order":0,"comment_status":"closed","ping_status":"closed","template":"","meta":{"_uag_custom_page_level_css":"","_joinchat":[],"footnotes":""},"class_list":["post-1087","page","type-page","status-publish","hentry"],"yoast_head":"<!-- This site is optimized with the Yoast SEO plugin v27.6 - https:\/\/yoast.com\/product\/yoast-seo-wordpress\/ -->\n<title>\u00c9v\u00e9nements - Frantoio Antiche Macine<\/title>\n<meta name=\"description\" content=\"MEULES ANCIENNES POUR VOTRE \u00c9V\u00c9NEMENT \u00c9patez vos invit\u00e9s avec un cadeau exclusif ! Antiche Macine vous propose, pour votre \u00e9v\u00e9nement ou votre c\u00e9r\u00e9monie,\" \/>\n<meta name=\"robots\" content=\"index, follow, max-snippet:-1, max-image-preview:large, max-video-preview:-1\" \/>\n<link rel=\"canonical\" href=\"https:\/\/olioantichemacine.com\/fr\/eventi\/\" \/>\n<meta property=\"og:locale\" content=\"fr_FR\" \/>\n<meta property=\"og:type\" content=\"article\" \/>\n<meta property=\"og:title\" content=\"\u00c9v\u00e9nements - Frantoio Antiche Macine\" \/>\n<meta property=\"og:description\" content=\"MEULES ANCIENNES POUR VOTRE \u00c9V\u00c9NEMENT \u00c9patez vos invit\u00e9s avec un cadeau exclusif ! Antiche Macine vous propose, pour votre \u00e9v\u00e9nement ou votre c\u00e9r\u00e9monie,\" \/>\n<meta property=\"og:url\" content=\"https:\/\/olioantichemacine.com\/fr\/eventi\/\" \/>\n<meta property=\"og:site_name\" content=\"Frantoio Antiche Macine\" \/>\n<meta property=\"article:publisher\" content=\"https:\/\/www.facebook.com\/Frantoio-Le-Antiche-Macine-724043011013121\/\" \/>\n<meta property=\"article:modified_time\" content=\"2026-05-14T08:42:31+00:00\" \/>\n<meta property=\"og:image\" content=\"https:\/\/olioantichemacine.com\/wp-content\/uploads\/2023\/10\/Idea-bomboniera.webp\" \/>\n\t<meta property=\"og:image:width\" content=\"601\" \/>\n\t<meta property=\"og:image:height\" content=\"400\" \/>\n\t<meta property=\"og:image:type\" content=\"image\/webp\" \/>\n<meta name=\"twitter:card\" content=\"summary_large_image\" \/>\n<meta name=\"twitter:label1\" content=\"Dur\u00e9e de lecture estim\u00e9e\" \/>\n\t<meta name=\"twitter:data1\" content=\"2 minutes\" \/>\n<script type=\"application\/ld+json\" class=\"yoast-schema-graph\">{\"@context\":\"https:\\\/\\\/schema.org\",\"@graph\":[{\"@type\":\"WebPage\",\"@id\":\"https:\\\/\\\/olioantichemacine.com\\\/fr\\\/eventi\\\/\",\"url\":\"https:\\\/\\\/olioantichemacine.com\\\/fr\\\/eventi\\\/\",\"name\":\"\u00c9v\u00e9nements - Frantoio Antiche Macine\",\"isPartOf\":{\"@id\":\"https:\\\/\\\/olioantichemacine.com\\\/fr\\\/#website\"},\"primaryImageOfPage\":{\"@id\":\"https:\\\/\\\/olioantichemacine.com\\\/fr\\\/eventi\\\/#primaryimage\"},\"image\":{\"@id\":\"https:\\\/\\\/olioantichemacine.com\\\/fr\\\/eventi\\\/#primaryimage\"},\"thumbnailUrl\":\"https:\\\/\\\/olioantichemacine.com\\\/wp-content\\\/uploads\\\/2023\\\/10\\\/Idea-bomboniera.webp\",\"datePublished\":\"2023-09-28T11:12:37+00:00\",\"dateModified\":\"2026-05-14T08:42:31+00:00\",\"description\":\"MEULES ANCIENNES POUR VOTRE \u00c9V\u00c9NEMENT \u00c9patez vos invit\u00e9s avec un cadeau exclusif ! Antiche Macine vous propose, pour votre \u00e9v\u00e9nement ou votre c\u00e9r\u00e9monie,\",\"inLanguage\":\"fr-FR\",\"potentialAction\":[{\"@type\":\"ReadAction\",\"target\":[\"https:\\\/\\\/olioantichemacine.com\\\/fr\\\/eventi\\\/\"]}]},{\"@type\":\"ImageObject\",\"inLanguage\":\"fr-FR\",\"@id\":\"https:\\\/\\\/olioantichemacine.com\\\/fr\\\/eventi\\\/#primaryimage\",\"url\":\"https:\\\/\\\/olioantichemacine.com\\\/wp-content\\\/uploads\\\/2023\\\/10\\\/Idea-bomboniera.webp\",\"contentUrl\":\"https:\\\/\\\/olioantichemacine.com\\\/wp-content\\\/uploads\\\/2023\\\/10\\\/Idea-bomboniera.webp\"},{\"@type\":\"WebSite\",\"@id\":\"https:\\\/\\\/olioantichemacine.com\\\/fr\\\/#website\",\"url\":\"https:\\\/\\\/olioantichemacine.com\\\/fr\\\/\",\"name\":\"Frantoio Antiche Macine\",\"description\":\"Olio extravergine di oliva\",\"publisher\":{\"@id\":\"https:\\\/\\\/olioantichemacine.com\\\/fr\\\/#organization\"},\"potentialAction\":[{\"@type\":\"SearchAction\",\"target\":{\"@type\":\"EntryPoint\",\"urlTemplate\":\"https:\\\/\\\/olioantichemacine.com\\\/fr\\\/?s={search_term_string}\"},\"query-input\":{\"@type\":\"PropertyValueSpecification\",\"valueRequired\":true,\"valueName\":\"search_term_string\"}}],\"inLanguage\":\"fr-FR\"},{\"@type\":\"Organization\",\"@id\":\"https:\\\/\\\/olioantichemacine.com\\\/fr\\\/#organization\",\"name\":\"Frantoio Antiche Macine\",\"url\":\"https:\\\/\\\/olioantichemacine.com\\\/fr\\\/\",\"logo\":{\"@type\":\"ImageObject\",\"inLanguage\":\"fr-FR\",\"@id\":\"https:\\\/\\\/olioantichemacine.com\\\/fr\\\/#\\\/schema\\\/logo\\\/image\\\/\",\"url\":\"https:\\\/\\\/olioantichemacine.com\\\/wp-content\\\/uploads\\\/2023\\\/09\\\/Antiche-Macine-Logo-1.webp\",\"contentUrl\":\"https:\\\/\\\/olioantichemacine.com\\\/wp-content\\\/uploads\\\/2023\\\/09\\\/Antiche-Macine-Logo-1.webp\",\"width\":500,\"height\":142,\"caption\":\"Frantoio Antiche Macine\"},\"image\":{\"@id\":\"https:\\\/\\\/olioantichemacine.com\\\/fr\\\/#\\\/schema\\\/logo\\\/image\\\/\"},\"sameAs\":[\"https:\\\/\\\/www.facebook.com\\\/Frantoio-Le-Antiche-Macine-724043011013121\\\/\",\"https:\\\/\\\/www.instagram.com\\\/olioantichemacine\\\/\"]}]}<\/script>\n<!-- \/ Yoast SEO plugin. -->","yoast_head_json":{"title":"\u00c9v\u00e9nements - Frantoio Antiche Macine","description":"MEULES ANCIENNES POUR VOTRE \u00c9V\u00c9NEMENT \u00c9patez vos invit\u00e9s avec un cadeau exclusif ! Antiche Macine vous propose, pour votre \u00e9v\u00e9nement ou votre c\u00e9r\u00e9monie,","robots":{"index":"index","follow":"follow","max-snippet":"max-snippet:-1","max-image-preview":"max-image-preview:large","max-video-preview":"max-video-preview:-1"},"canonical":"https:\/\/olioantichemacine.com\/fr\/eventi\/","og_locale":"fr_FR","og_type":"article","og_title":"\u00c9v\u00e9nements - Frantoio Antiche Macine","og_description":"MEULES ANCIENNES POUR VOTRE \u00c9V\u00c9NEMENT \u00c9patez vos invit\u00e9s avec un cadeau exclusif ! Antiche Macine vous propose, pour votre \u00e9v\u00e9nement ou votre c\u00e9r\u00e9monie,","og_url":"https:\/\/olioantichemacine.com\/fr\/eventi\/","og_site_name":"Frantoio Antiche Macine","article_publisher":"https:\/\/www.facebook.com\/Frantoio-Le-Antiche-Macine-724043011013121\/","article_modified_time":"2026-05-14T08:42:31+00:00","og_image":[{"width":601,"height":400,"url":"https:\/\/olioantichemacine.com\/wp-content\/uploads\/2023\/10\/Idea-bomboniera.webp","type":"image\/webp"}],"twitter_card":"summary_large_image","twitter_misc":{"Dur\u00e9e de lecture estim\u00e9e":"2 minutes"},"schema":{"@context":"https:\/\/schema.org","@graph":[{"@type":"WebPage","@id":"https:\/\/olioantichemacine.com\/fr\/eventi\/","url":"https:\/\/olioantichemacine.com\/fr\/eventi\/","name":"\u00c9v\u00e9nements - Frantoio Antiche Macine","isPartOf":{"@id":"https:\/\/olioantichemacine.com\/fr\/#website"},"primaryImageOfPage":{"@id":"https:\/\/olioantichemacine.com\/fr\/eventi\/#primaryimage"},"image":{"@id":"https:\/\/olioantichemacine.com\/fr\/eventi\/#primaryimage"},"thumbnailUrl":"https:\/\/olioantichemacine.com\/wp-content\/uploads\/2023\/10\/Idea-bomboniera.webp","datePublished":"2023-09-28T11:12:37+00:00","dateModified":"2026-05-14T08:42:31+00:00","description":"MEULES ANCIENNES POUR VOTRE \u00c9V\u00c9NEMENT \u00c9patez vos invit\u00e9s avec un cadeau exclusif ! Antiche Macine vous propose, pour votre \u00e9v\u00e9nement ou votre c\u00e9r\u00e9monie,","inLanguage":"fr-FR","potentialAction":[{"@type":"ReadAction","target":["https:\/\/olioantichemacine.com\/fr\/eventi\/"]}]},{"@type":"ImageObject","inLanguage":"fr-FR","@id":"https:\/\/olioantichemacine.com\/fr\/eventi\/#primaryimage","url":"https:\/\/olioantichemacine.com\/wp-content\/uploads\/2023\/10\/Idea-bomboniera.webp","contentUrl":"https:\/\/olioantichemacine.com\/wp-content\/uploads\/2023\/10\/Idea-bomboniera.webp"},{"@type":"WebSite","@id":"https:\/\/olioantichemacine.com\/fr\/#website","url":"https:\/\/olioantichemacine.com\/fr\/","name":"Frantoio Antiche Macine","description":"Olio extravergine di oliva","publisher":{"@id":"https:\/\/olioantichemacine.com\/fr\/#organization"},"potentialAction":[{"@type":"SearchAction","target":{"@type":"EntryPoint","urlTemplate":"https:\/\/olioantichemacine.com\/fr\/?s={search_term_string}"},"query-input":{"@type":"PropertyValueSpecification","valueRequired":true,"valueName":"search_term_string"}}],"inLanguage":"fr-FR"},{"@type":"Organization","@id":"https:\/\/olioantichemacine.com\/fr\/#organization","name":"Frantoio Antiche Macine","url":"https:\/\/olioantichemacine.com\/fr\/","logo":{"@type":"ImageObject","inLanguage":"fr-FR","@id":"https:\/\/olioantichemacine.com\/fr\/#\/schema\/logo\/image\/","url":"https:\/\/olioantichemacine.com\/wp-content\/uploads\/2023\/09\/Antiche-Macine-Logo-1.webp","contentUrl":"https:\/\/olioantichemacine.com\/wp-content\/uploads\/2023\/09\/Antiche-Macine-Logo-1.webp","width":500,"height":142,"caption":"Frantoio Antiche Macine"},"image":{"@id":"https:\/\/olioantichemacine.com\/fr\/#\/schema\/logo\/image\/"},"sameAs":["https:\/\/www.facebook.com\/Frantoio-Le-Antiche-Macine-724043011013121\/","https:\/\/www.instagram.com\/olioantichemacine\/"]}]}},"uagb_featured_image_src":{"full":false,"thumbnail":false,"medium":false,"medium_large":false,"large":false,"gs-tiny":false,"xl":false,"xxl":false,"xxxl":false,"xxxxl":false,"xxxxxl":false,"1536x1536":false,"2048x2048":false,"woocommerce_thumbnail":false,"woocommerce_single":false,"woocommerce_gallery_thumbnail":false,"variation_swatches_image_size":false,"variation_swatches_tooltip_size":false},"uagb_author_info":{"display_name":"admin","author_link":"https:\/\/olioantichemacine.com\/fr\/author\/watermellon16_kinogs8i\/"},"uagb_comment_info":0,"uagb_excerpt":"MEULES ANCIENNES POUR VOTRE \u00c9V\u00c9NEMENT \u00c9patez vos invit\u00e9s avec un cadeau exclusif ! Antiche Macine vous propose, pour votre \u00e9v\u00e9nement ou votre c\u00e9r\u00e9monie, un cadeau raffin\u00e9 et savoureux \u00e0 offrir \u00e0 tous vos invit\u00e9s, en souvenir de ce moment sp\u00e9cial. Les \u00e9l\u00e9gants flacons de 30 ml et les petites bouteilles de 100 ml contenant nos\u2026","jetpack_sharing_enabled":true,"_links":{"self":[{"href":"https:\/\/olioantichemacine.com\/fr\/wp-json\/wp\/v2\/pages\/1087","targetHints":{"allow":["GET"]}}],"collection":[{"href":"https:\/\/olioantichemacine.com\/fr\/wp-json\/wp\/v2\/pages"}],"about":[{"href":"https:\/\/olioantichemacine.com\/fr\/wp-json\/wp\/v2\/types\/page"}],"author":[{"embeddable":true,"href":"https:\/\/olioantichemacine.com\/fr\/wp-json\/wp\/v2\/users\/1"}],"replies":[{"embeddable":true,"href":"https:\/\/olioantichemacine.com\/fr\/wp-json\/wp\/v2\/comments?post=1087"}],"version-history":[{"count":1,"href":"https:\/\/olioantichemacine.com\/fr\/wp-json\/wp\/v2\/pages\/1087\/revisions"}],"predecessor-version":[{"id":1089,"href":"https:\/\/olioantichemacine.com\/fr\/wp-json\/wp\/v2\/pages\/1087\/revisions\/1089"}],"wp:attachment":[{"href":"https:\/\/olioantichemacine.com\/fr\/wp-json\/wp\/v2\/media?parent=1087"}],"curies":[{"name":"wp","href":"https:\/\/api.w.org\/{rel}","templated":true}]}}